{"id":1662,"date":"2023-02-20T08:47:15","date_gmt":"2023-02-20T06:47:15","guid":{"rendered":"https:\/\/zoobrasov.ro\/planetariu\/?page_id=1662"},"modified":"2025-08-18T16:32:35","modified_gmt":"2025-08-18T14:32:35","slug":"eclipse-lunare","status":"publish","type":"page","link":"https:\/\/zoobrasov.ro\/planetariu\/observatii-telescop\/eclipse-lunare\/","title":{"rendered":"Eclipse lunare"},"content":{"rendered":"\t<section class=\"section dark\" id=\"section_1553680194\">\n\t\t<div class=\"bg section-bg fill bg-fill  \" >\n\n\t\t\t\n\t\t\t<div class=\"section-bg-overlay absolute fill\"><\/div>\n\t\t\t\n\n\t\t<\/div><!-- .section-bg -->\n\n\t\t<div class=\"section-content relative\">\n\t\t\t\n<div class=\"row\"  id=\"row-1457764087\">\n<div class=\"col hide-for-small medium-7 small-12 large-7\"  ><div class=\"col-inner\" style=\"margin:-155px 0px 0px 0px;\" >\n  <div id=\"page-header-48215486\" class=\"page-header-wrapper\">\n  <div class=\"page-title dark simple-title\">\n\n    \n    <div class=\"page-title-inner container align-top text-center flex-row-col medium-flex-wrap\" >\n              <div class=\"title-wrapper uppercase is-small flex-col\">\n          <h1 class=\"entry-title mb-0\">\n            eclipse lunare          <\/h1>\n        <\/div>\n                    <div class=\"title-content flex-col\">\n        <div class=\"title-breadcrumbs pb-half pt-half\"><\/div>      <\/div>\n    <\/div><!-- flex-row -->\n\n     \n<style scope=\"scope\">\n\n<\/style>\n  <\/div><!-- .page-title -->\n    <\/div><!-- .page-header-wrapper -->\n  \n<\/div><\/div>\n<\/div>\n\t\t<\/div><!-- .section-content -->\n\n\t\t\n<style scope=\"scope\">\n\n#section_1553680194 {\n  padding-top: 30px;\n  padding-bottom: 30px;\n  min-height: 300px;\n  background-color: rgb(0,0,0);\n}\n#section_1553680194 .section-bg-overlay {\n  background-color: rgba(0, 0, 0, 0.13);\n}\n#section_1553680194 .section-bg.bg-loaded {\n  background-image: url(https:\/\/zoobrasov.ro\/planetariu\/wp-content\/uploads\/2023\/02\/total-lunar-eclipse-nasa.png);\n}\n#section_1553680194 .section-bg {\n  background-position: 45% 94%;\n}\n\n\n@media (min-width:550px) {\n\n  #section_1553680194 {\n    min-height: 400px;\n  }\n\n}\n\n\n@media (min-width:850px) {\n\n  #section_1553680194 {\n    min-height: 550px;\n  }\n\n}\n<\/style>\n\t<\/section>\n\t\n\t<section class=\"section dark\" id=\"section_936547846\">\n\t\t<div class=\"bg section-bg fill bg-fill  bg-loaded\" >\n\n\t\t\t\n\t\t\t\n\t\t\t\n\n\t\t<\/div><!-- .section-bg -->\n\n\t\t<div class=\"section-content relative\">\n\t\t\t\n\t<div id=\"gap-900327388\" class=\"gap-element clearfix hide-for-small\" style=\"display:block; height:auto;\">\n\t\t\n<style scope=\"scope\">\n\n#gap-900327388 {\n  padding-top: 60px;\n}\n<\/style>\n\t<\/div>\n\t\n<div class=\"row row-small row-full-width\"  id=\"row-1828012566\">\n<div class=\"col medium-6 small-12 large-6\"  ><div class=\"col-inner\" style=\"margin:-10px 0px 0px 10px;\" >\n<p><span style=\"color: #000000;\">Eclipsele lunare pot fi totale sau par\u021biale, prin umbr\u0103 sau prin penumbr\u0103, eclipsele totale prin umbr\u0103, acestea fiind \u0219i cele mai impresionante, fiind foarte diferite vizual fa\u021b\u0103 de cele solare. Se observ\u0103 noaptea, bine\u00een\u021beles, \u0219i nu avem nevoie de ochelari speciali. Luna se \u00eentunec\u0103 treptat, apoi, uneori, cap\u0103t\u0103 o nuan\u021b\u0103 ro\u0219iatic\u0103 mai mult sau mai pu\u021bin \u00eenchis\u0103, pentru ca, dup\u0103 c\u00e2teva ore, s\u0103-\u0219i recapete aspectul normal. Eclipsele lunare sunt eclipse \u00een adev\u0103ratul sens al cuv\u00e2ntului, pentru c\u0103 Luna intr\u0103 \u00een umbra Terrei. Eclipsele de Soare sunt de fapt oculta\u021bii ale Soarelui, pentru c\u0103 de fapt steaua dispare din cauza interpunerii Lunii \u00eentre noi, observatorii, \u0219i Soare, obiectul pe care-l observ\u0103m.<\/span><\/p>\n\t<div id=\"gap-962389057\" class=\"gap-element clearfix show-for-small\" style=\"display:block; height:auto;\">\n\t\t\n<style scope=\"scope\">\n\n#gap-962389057 {\n  padding-top: 25px;\n}\n\n\n@media (min-width:550px) {\n\n  #gap-962389057 {\n    padding-top: 30px;\n  }\n\n}\n<\/style>\n\t<\/div>\n\t\n<\/div><\/div>\n<div class=\"col medium-6 small-12 large-6\"  ><div class=\"col-inner\" style=\"margin:-60px 0px 0px 10px;\" >\n\t<div id=\"gap-1849205347\" class=\"gap-element clearfix show-for-small\" style=\"display:block; height:auto;\">\n\t\t\n<style scope=\"scope\">\n\n#gap-1849205347 {\n  padding-top: 30px;\n}\n\n\n@media (min-width:550px) {\n\n  #gap-1849205347 {\n    padding-top: 30px;\n  }\n\n}\n<\/style>\n\t<\/div>\n\t\n\n  <div class=\"banner has-hover bg-zoom\" id=\"banner-264100770\">\n          <div class=\"banner-inner fill\">\n        <div class=\"banner-bg fill\" >\n            <div class=\"bg fill bg-fill \"><\/div>\n                                    \n\t<div class=\"is-border\"\n\t\tstyle=\"border-width:3px 3px 3px 3px;\">\n\t<\/div>\n                    <\/div><!-- bg-layers -->\n        <div class=\"banner-layers container\">\n            <a class=\"fill\" href=\"https:\/\/zoobrasov.ro\/planetariu\/blog\/terra\/\"  ><div class=\"fill banner-link\"><\/div><\/a>            \n   <div id=\"text-box-1090316183\" class=\"text-box banner-layer text-box-circle hide-for-small x5 md-x5 lg-x5 y95 md-y95 lg-y95 res-text\">\n                                <div class=\"text dark\">\n              \n              <div class=\"text-inner text-center\">\n                  \n<a class=\"button white is-link is-xxlarge hide-for-small\"  >\n    <span>Luna<\/span>\n  <\/a>\n\n              <\/div>\n           <\/div><!-- text-box-inner -->\n                            \n<style scope=\"scope\">\n\n#text-box-1090316183 .text {\n  background-color: rgb(58, 152, 110);\n  font-size: 60%;\n}\n#text-box-1090316183 {\n  width: 19%;\n}\n<\/style>\n    <\/div><!-- text-box -->\n \n        <\/div><!-- .banner-layers -->\n      <\/div><!-- .banner-inner -->\n\n            \n<style scope=\"scope\">\n\n#banner-264100770 {\n  padding-top: 250px;\n  background-color: rgb(252, 252, 252);\n}\n#banner-264100770 .bg.bg-loaded {\n  background-image: url(https:\/\/zoobrasov.ro\/planetariu\/wp-content\/uploads\/2023\/02\/300159545_5463203563737702_4817402209362720522_n-1024x651.jpg);\n}\n\n\n@media (min-width:550px) {\n\n  #banner-264100770 {\n    padding-top: 400px;\n  }\n\n}\n<\/style>\n  <\/div><!-- .banner -->\n\n\n<\/div><\/div>\n\n<style scope=\"scope\">\n\n<\/style>\n<\/div>\n<div class=\"row row-small row-full-width show-for-small\"  id=\"row-1131012378\">\n<div class=\"col hide-for-small medium-6 small-12 large-3\"  data-animate=\"fadeInUp\"><div class=\"col-inner\" style=\"margin:0px 0px 0px 10px;\" >\n\n  <div class=\"banner has-hover bg-zoom hide-for-small\" id=\"banner-353560742\">\n          <div class=\"banner-inner fill\">\n        <div class=\"banner-bg fill\" >\n            <div class=\"bg fill bg-fill \"><\/div>\n                                    \n\t<div class=\"is-border\"\n\t\tstyle=\"border-width:3px 3px 3px 3px;\">\n\t<\/div>\n                    <\/div><!-- bg-layers -->\n        <div class=\"banner-layers container\">\n            <a class=\"fill\" href=\"https:\/\/zoobrasov.ro\/planetariu\/blog\/sistemul-solar\/\"  ><div class=\"fill banner-link\"><\/div><\/a>            \t<div class=\"hotspot-wrapper x95 md-x95 lg-x95 y5 md-y5 lg-y5 dark\">\n\t\t<div data-animate=\"bounceIn\">\n\t\t\t\t\t\t\t<a href=\"https:\/\/zoobrasov.ro\/planetariu\/blog\/sistemul-solar\/\" class=\"hotspot tooltip\" title=\"Sistemul Solar\" >\n\t\t\t\t\t<i class=\"icon-search\"><\/i>\n\t\t\t\t<\/a>\n\t\t\t\t\t<\/div>\n\t<\/div>\n\t\n\n   <div id=\"text-box-1101929532\" class=\"text-box banner-layer text-box-circle x5 md-x5 lg-x5 y95 md-y95 lg-y95 res-text\">\n                                <div class=\"text dark\">\n              \n              <div class=\"text-inner text-center\">\n                  \n<a href=\"https:\/\/zoobrasov.ro\/planetariu\/blog\/sistemul-solar\/\" target=\"_self\" class=\"button white is-link\"  >\n    <span>Sistemul Solar<\/span>\n  <\/a>\n\n              <\/div>\n           <\/div><!-- text-box-inner -->\n                            \n<style scope=\"scope\">\n\n#text-box-1101929532 .text {\n  background-color: rgb(58, 152, 110);\n  font-size: 100%;\n}\n#text-box-1101929532 {\n  width: 35%;\n}\n\n\n@media (min-width:550px) {\n\n  #text-box-1101929532 {\n    width: 60%;\n  }\n\n}\n<\/style>\n    <\/div><!-- text-box -->\n \n        <\/div><!-- .banner-layers -->\n      <\/div><!-- .banner-inner -->\n\n            \n<style scope=\"scope\">\n\n#banner-353560742 {\n  padding-top: 250px;\n  background-color: rgb(252, 252, 252);\n}\n#banner-353560742 .bg.bg-loaded {\n  background-image: url(https:\/\/zoobrasov.ro\/planetariu\/wp-content\/uploads\/2021\/11\/galaxii-mobile.jpg);\n}\n\n\n@media (min-width:550px) {\n\n  #banner-353560742 {\n    padding-top: 400px;\n  }\n\n}\n<\/style>\n  <\/div><!-- .banner -->\n\n\n<\/div><\/div>\n<div class=\"col hide-for-small medium-6 small-12 large-3\"  data-animate=\"fadeInUp\"><div class=\"col-inner\" style=\"margin:0px 0px 0px 10px;\" >\n\n  <div class=\"banner has-hover bg-zoom hide-for-small\" id=\"banner-629531961\">\n          <div class=\"banner-inner fill\">\n        <div class=\"banner-bg fill\" >\n            <div class=\"bg fill bg-fill \"><\/div>\n                                    \n\t<div class=\"is-border\"\n\t\tstyle=\"border-width:3px 3px 3px 3px;\">\n\t<\/div>\n                    <\/div><!-- bg-layers -->\n        <div class=\"banner-layers container\">\n            <a class=\"fill\" href=\"https:\/\/zoobrasov.ro\/planetariu\/blog\/galaxii\/\"  ><div class=\"fill banner-link\"><\/div><\/a>            \t<div class=\"hotspot-wrapper x95 md-x95 lg-x95 y5 md-y5 lg-y5 dark\">\n\t\t<div data-animate=\"bounceIn\">\n\t\t\t\t\t\t\t<a href=\"https:\/\/zoobrasov.ro\/planetariu\/blog\/galaxii\/\" class=\"hotspot tooltip\" title=\"Galaxii\" >\n\t\t\t\t\t<i class=\"icon-search\"><\/i>\n\t\t\t\t<\/a>\n\t\t\t\t\t<\/div>\n\t<\/div>\n\t\n\n   <div id=\"text-box-1776799644\" class=\"text-box banner-layer text-box-circle x5 md-x5 lg-x5 y95 md-y95 lg-y95 res-text\">\n                                <div class=\"text dark\">\n              \n              <div class=\"text-inner text-center\">\n                  \n<a href=\"https:\/\/zoobrasov.ro\/planetariu\/blog\/galaxii\/\" target=\"_self\" class=\"button white is-link\"  >\n    <span>Galaxii<\/span>\n  <\/a>\n\n              <\/div>\n           <\/div><!-- text-box-inner -->\n                            \n<style scope=\"scope\">\n\n#text-box-1776799644 .text {\n  background-color: rgb(58, 152, 110);\n  font-size: 100%;\n}\n#text-box-1776799644 {\n  width: 35%;\n}\n\n\n@media (min-width:550px) {\n\n  #text-box-1776799644 {\n    width: 60%;\n  }\n\n}\n<\/style>\n    <\/div><!-- text-box -->\n \n        <\/div><!-- .banner-layers -->\n      <\/div><!-- .banner-inner -->\n\n            \n<style scope=\"scope\">\n\n#banner-629531961 {\n  padding-top: 250px;\n  background-color: rgb(252, 252, 252);\n}\n#banner-629531961 .bg.bg-loaded {\n  background-image: url(https:\/\/zoobrasov.ro\/planetariu\/wp-content\/uploads\/2021\/11\/huble-blog-mobile.jpg);\n}\n\n\n@media (min-width:550px) {\n\n  #banner-629531961 {\n    padding-top: 350px;\n  }\n\n}\n\n\n@media (min-width:850px) {\n\n  #banner-629531961 {\n    padding-top: 400px;\n  }\n\n}\n<\/style>\n  <\/div><!-- .banner -->\n\n\n<\/div><\/div>\n<div class=\"col hide-for-small medium-6 small-12 large-3\"  data-animate=\"fadeInUp\"><div class=\"col-inner\" style=\"margin:0px 0px 0px 10px;\" >\n\n  <div class=\"banner has-hover bg-zoom hide-for-small\" id=\"banner-140036116\">\n          <div class=\"banner-inner fill\">\n        <div class=\"banner-bg fill\" >\n            <div class=\"bg fill bg-fill \"><\/div>\n                                    \n\t<div class=\"is-border\"\n\t\tstyle=\"border-width:3px 3px 3px 3px;\">\n\t<\/div>\n                    <\/div><!-- bg-layers -->\n        <div class=\"banner-layers container\">\n            <a class=\"fill\" href=\"https:\/\/zoobrasov.ro\/planetariu\/blog\/exoplanete\/\"  ><div class=\"fill banner-link\"><\/div><\/a>            \t<div class=\"hotspot-wrapper x95 md-x95 lg-x95 y5 md-y5 lg-y5 dark\">\n\t\t<div data-animate=\"bounceIn\">\n\t\t\t\t\t\t\t<a href=\"https:\/\/zoobrasov.ro\/planetariu\/blog\/exoplanete\/\" class=\"hotspot tooltip\" title=\"Exoplanete\" >\n\t\t\t\t\t<i class=\"icon-search\"><\/i>\n\t\t\t\t<\/a>\n\t\t\t\t\t<\/div>\n\t<\/div>\n\t\n   <div id=\"text-box-79617840\" class=\"text-box banner-layer text-box-circle x5 md-x5 lg-x5 y95 md-y95 lg-y95 res-text\">\n                                <div class=\"text dark\">\n              \n              <div class=\"text-inner text-center\">\n                  \n<a href=\"https:\/\/zoobrasov.ro\/planetariu\/blog\/exoplanete\/\" target=\"_self\" class=\"button white is-link\"  >\n    <span>Exoplanete<\/span>\n  <\/a>\n\n              <\/div>\n           <\/div><!-- text-box-inner -->\n                            \n<style scope=\"scope\">\n\n#text-box-79617840 .text {\n  background-color: rgb(58, 152, 110);\n  font-size: 100%;\n}\n#text-box-79617840 {\n  width: 35%;\n}\n\n\n@media (min-width:550px) {\n\n  #text-box-79617840 {\n    width: 60%;\n  }\n\n}\n<\/style>\n    <\/div><!-- text-box -->\n \n\n        <\/div><!-- .banner-layers -->\n      <\/div><!-- .banner-inner -->\n\n            \n<style scope=\"scope\">\n\n#banner-140036116 {\n  padding-top: 250px;\n  background-color: rgb(252, 252, 252);\n}\n#banner-140036116 .bg.bg-loaded {\n  background-image: url(https:\/\/zoobrasov.ro\/planetariu\/wp-content\/uploads\/2021\/11\/exoplanete-mobile.jpg);\n}\n\n\n@media (min-width:550px) {\n\n  #banner-140036116 {\n    padding-top: 400px;\n  }\n\n}\n<\/style>\n  <\/div><!-- .banner -->\n\n\n<\/div><\/div>\n<div class=\"col hide-for-small medium-6 small-12 large-3\"  data-animate=\"fadeInUp\"><div class=\"col-inner\" style=\"margin:0px 0px 0px 10px;\" >\n\n  <div class=\"banner has-hover bg-zoom hide-for-small\" id=\"banner-1959507767\">\n          <div class=\"banner-inner fill\">\n        <div class=\"banner-bg fill\" >\n            <div class=\"bg fill bg-fill \"><\/div>\n                                    \n\t<div class=\"is-border\"\n\t\tstyle=\"border-width:3px 3px 3px 3px;\">\n\t<\/div>\n                    <\/div><!-- bg-layers -->\n        <div class=\"banner-layers container\">\n            <a class=\"fill\" href=\"https:\/\/zoobrasov.ro\/planetariu\/blog\/terra\/\"  ><div class=\"fill banner-link\"><\/div><\/a>            \t<div class=\"hotspot-wrapper x95 md-x95 lg-x95 y5 md-y5 lg-y5 dark\">\n\t\t<div data-animate=\"bounceIn\">\n\t\t\t\t\t\t\t<a href=\"https:\/\/zoobrasov.ro\/planetariu\/blog\/terra\/\" class=\"hotspot tooltip\" title=\"Terra\" >\n\t\t\t\t\t<i class=\"icon-search\"><\/i>\n\t\t\t\t<\/a>\n\t\t\t\t\t<\/div>\n\t<\/div>\n\t\n\n   <div id=\"text-box-1729471323\" class=\"text-box banner-layer text-box-circle x5 md-x5 lg-x5 y95 md-y95 lg-y95 res-text\">\n                                <div class=\"text dark\">\n              \n              <div class=\"text-inner text-center\">\n                  \n<a href=\"https:\/\/zoobrasov.ro\/planetariu\/blog\/terra\/\" target=\"_self\" class=\"button white is-link\"  >\n    <span>Terra<\/span>\n  <\/a>\n\n              <\/div>\n           <\/div><!-- text-box-inner -->\n                            \n<style scope=\"scope\">\n\n#text-box-1729471323 .text {\n  background-color: rgb(58, 152, 110);\n  font-size: 100%;\n}\n#text-box-1729471323 {\n  width: 35%;\n}\n\n\n@media (min-width:550px) {\n\n  #text-box-1729471323 {\n    width: 60%;\n  }\n\n}\n<\/style>\n    <\/div><!-- text-box -->\n \n        <\/div><!-- .banner-layers -->\n      <\/div><!-- .banner-inner -->\n\n            \n<style scope=\"scope\">\n\n#banner-1959507767 {\n  padding-top: 250px;\n  background-color: rgb(252, 252, 252);\n}\n#banner-1959507767 .bg.bg-loaded {\n  background-image: url(https:\/\/zoobrasov.ro\/planetariu\/wp-content\/uploads\/2021\/11\/pamant-mobile.jpg);\n}\n\n\n@media (min-width:550px) {\n\n  #banner-1959507767 {\n    padding-top: 400px;\n  }\n\n}\n<\/style>\n  <\/div><!-- .banner -->\n\n\n<\/div><\/div>\n<div class=\"col hide-for-small small-12 large-12\"  ><div class=\"col-inner text-right\" style=\"margin:0px 0px 0px 12px;\" >\n<a href=\"https:\/\/zoobrasov.ro\/planetariu\/category\/blog\/\" target=\"_self\" class=\"button alert is-underline is-small box-shadow-3 box-shadow-5-hover hide-for-small\"  style=\"border-radius:5px;\">\n    <span>Vezi toate articolele de pe blog<\/span>\n  <\/a>\n\n<\/div><\/div>\n\n<style scope=\"scope\">\n\n<\/style>\n<\/div>\n<div class=\"row\"  id=\"row-2116938361\">\n<div class=\"col small-12 large-12\"  ><div class=\"col-inner\"  >\n<p><span style=\"color: #000000; background-color: #f99b1c;\">Observa\u021bii Eclipse Lunare<\/span><\/p>\n<p><span style=\"color: #000000;\">Uneori, \u00een timpul unei eclipse prin umbr\u0103, suprafa\u021ba Lunii ia o tent\u0103 s\u00e2ngerie, culoarea satelitului nostru fiind cauzat\u0103 de atmosfera terestr\u0103 care refract\u0103 lumina pe care o prime\u0219te de la Soare, gazele din care este alc\u0103tuit\u0103 atmosfera noastr\u0103 \u00eempr\u0103\u0219tiind mai mult componenta albastr\u0103 a luminii dec\u00e2t pe cea ro\u0219ie. <\/span><span style=\"color: #000000;\">Anual pe Terra pot fi urm\u0103rite cel pu\u021bin 2, maximum 5, eclipse lunare (totale, par\u021biale, prin umbr\u0103 sau prin penumbr\u0103).<\/span><\/p>\n<\/div><\/div>\n<\/div>\n<div class=\"row\"  id=\"row-768960955\">\n<div class=\"col small-12 large-12\"  ><div class=\"col-inner\"  >\n<p style=\"text-align: center;\"><span style=\"color: #000000;\">Mai multe detalii despre eclipsele de Lun\u0103, pe blogul Planetariului \u2192 <a href=\"https:\/\/zoobrasov.ro\/planetariu\/eclipsele-de-luna-adevaratele-eclipse\/\" target=\"_blank\" rel=\"noopener\"><span style=\"background-color: #00ccff;\">AICI<\/span><\/a><\/span><\/p>\n<\/div><\/div>\n<\/div>\n<div class=\"row\"  id=\"row-1167467992\">\n<div class=\"col hide-for-small medium-1 small-12 large-1\"  ><div class=\"col-inner\"  >\n<\/div><\/div>\n<div class=\"col hide-for-small medium-4 small-12 large-4\"  ><div class=\"col-inner\"  >\n\n  <div class=\"banner has-hover hide-for-small\" id=\"banner-964894926\">\n          <div class=\"banner-inner fill\">\n        <div class=\"banner-bg fill\" >\n            <div class=\"bg fill bg-fill \"><\/div>\n                        <div class=\"overlay\"><\/div>            \n\t<div class=\"is-border\"\n\t\tstyle=\"border-width:3px 3px 3px 3px;\">\n\t<\/div>\n                    <\/div><!-- bg-layers -->\n        <div class=\"banner-layers container\">\n            <div class=\"fill banner-link\"><\/div>            \n   <div id=\"text-box-1430199875\" class=\"text-box banner-layer text-box-square x10 md-x10 lg-x10 y95 md-y95 lg-y95 res-text\">\n                                <div class=\"text \">\n              \n              <div class=\"text-inner text-left\">\n                  \n<a class=\"button primary is-link is-xxlarge lowercase\"  >\n    <span>Care a fost cea mai frumoas\u0103 eclips\u0103 pe care ai urm\u0103rit-o vreodat\u0103?<\/span>\n  <\/a>\n\n              <\/div>\n           <\/div><!-- text-box-inner -->\n                            \n<style scope=\"scope\">\n\n#text-box-1430199875 .text {\n  background-color: rgb(58, 152, 110);\n  font-size: 94%;\n}\n#text-box-1430199875 {\n  width: 82%;\n}\n<\/style>\n    <\/div><!-- text-box -->\n \n        <\/div><!-- .banner-layers -->\n      <\/div><!-- .banner-inner -->\n\n            \n<style scope=\"scope\">\n\n#banner-964894926 {\n  padding-top: 250px;\n  background-color: rgba(239, 93, 93, 0.98);\n}\n#banner-964894926 .overlay {\n  background-color: rgba(255, 255, 255, 0);\n}\n\n\n@media (min-width:550px) {\n\n  #banner-964894926 {\n    padding-top: 400px;\n  }\n\n}\n<\/style>\n  <\/div><!-- .banner -->\n\n\n<\/div><\/div>\n<div class=\"col hide-for-small medium-1 small-12 large-1\"  ><div class=\"col-inner\"  >\n<\/div><\/div>\n<div class=\"col medium-6 small-12 large-6\"  ><div class=\"col-inner\"  >\n\t<div id=\"gap-86403185\" class=\"gap-element clearfix hide-for-small\" style=\"display:block; height:auto;\">\n\t\t\n<style scope=\"scope\">\n\n#gap-86403185 {\n  padding-top: 60px;\n}\n<\/style>\n\t<\/div>\n\t\n<p style=\"text-align: center;\"><span style=\"background-color: #f99b1c; color: #000000;\">Urm\u0103toarele eclipse de Lun\u0103 din Rom\u00e2nia 2025, 2026, 2027 &amp; 2028<\/span><\/p>\n<p style=\"text-align: center;\"><span class=\"alt-font\" style=\"text-align: center;\"><span style=\"color: #000000; font-size: 130%;\">7 septembrie 2025 &#8211; Eclips\u0103 total\u0103 prin umbr\u0103<\/span><\/span><\/p>\n<p style=\"text-align: center;\"><span class=\"alt-font\" style=\"text-align: center;\"><span style=\"color: #000000; font-size: 130%;\">28 august 2026 &#8211; Eclips\u0103 par\u021bial\u0103 prin umbr\u0103<\/span><\/span><\/p>\n<p style=\"text-align: center;\"><span class=\"alt-font\" style=\"text-align: center;\"><span style=\"color: #000000; font-size: 130%;\">20 februarie 2027 &#8211; Eclips\u0103 prin penumbr\u0103<\/span><\/span><\/p>\n<p style=\"text-align: center;\"><span class=\"alt-font\" style=\"text-align: center;\"><span style=\"color: #000000; font-size: 130%;\">12 ianuarie 2028 &#8211; Eclips\u0103 par\u021bial\u0103 prin umbr\u0103<\/span><\/span><\/p>\n<\/div><\/div>\n<\/div>\n<div class=\"row\"  id=\"row-1172837820\">\n<div class=\"col small-12 large-12\"  ><div class=\"col-inner\" style=\"margin:-10px 0px 0px 0px;\" >\n<p><img loading=\"lazy\" decoding=\"async\" class=\"alignnone size-full wp-image-2685\" src=\"https:\/\/zoobrasov.ro\/planetariu\/wp-content\/uploads\/2025\/05\/eluna-20250907.png\" alt=\"\" width=\"1685\" height=\"1192\" srcset=\"https:\/\/zoobrasov.ro\/planetariu\/wp-content\/uploads\/2025\/05\/eluna-20250907.png 1685w, https:\/\/zoobrasov.ro\/planetariu\/wp-content\/uploads\/2025\/05\/eluna-20250907-300x212.png 300w, https:\/\/zoobrasov.ro\/planetariu\/wp-content\/uploads\/2025\/05\/eluna-20250907-1024x724.png 1024w, https:\/\/zoobrasov.ro\/planetariu\/wp-content\/uploads\/2025\/05\/eluna-20250907-768x543.png 768w, https:\/\/zoobrasov.ro\/planetariu\/wp-content\/uploads\/2025\/05\/eluna-20250907-1536x1087.png 1536w\" sizes=\"auto, (max-width: 1685px) 100vw, 1685px\" \/><\/p>\n<p style=\"text-align: right;\"><span style=\"font-size: 75%;\"><span style=\"color: #000000;\">Grafic:<\/span> <span style=\"color: #ff9900;\"><a style=\"color: #ff9900;\" href=\"https:\/\/astro-urseanu.ro\/eclipse-de-luna\/\" target=\"_blank\" rel=\"noopener\">astro-urseanu.ro\/eclipse-de-luna<\/a><\/span><\/span><\/p>\n<p>\u00a0<\/p>\n<p style=\"text-align: center;\"><span style=\"color: #000000; background-color: #ff9900;\">Cum a fost eclipsa par\u021bial\u0103 de Lun\u0103 din 28 octombrie 2023<\/span><\/p>\n<p><span style=\"color: #000000;\">\u00cen 2023, din Bra\u0219ov au putut fi observate 2 eclipse, una prin penumbr\u0103, pe 5 mai, care din punct de vedere vizual nu a fost interesant\u0103, ca de altfel orice eclips\u0103 prin penumbr\u0103 (mai mult, maximul ei a avut loc c\u00e2nd Luna se afla sub orizont), \u0219i alta, pe 28 octombrie, o eclips\u0103 par\u021bial\u0103 prin umbr\u0103.\u00a0<\/span><span style=\"color: #000000;\">\u00cen noaptea de <span style=\"background-color: #c0c0c0;\">28 octombrie<\/span>, Planetariul Bra\u0219ov a fost prezent, al\u0103turi de c\u00e2teva sute de pasiona\u021bi de astronomie, \u00een parcul Nicolae Titulescu, cu 3 instrumente, 2 lunete prin care a fost urm\u0103rit\u0103 eclipsa par\u021bial\u0103, \u0219i un telescop, cu diametrul oglinzii de 400 mm, prin care a fost observat Jupiter.<\/span><\/p>\n<p><img loading=\"lazy\" decoding=\"async\" class=\"size-full wp-image-2266 aligncenter\" src=\"https:\/\/zoobrasov.ro\/planetariu\/wp-content\/uploads\/2024\/01\/eclipsaLuna2023.jpg\" alt=\"\" width=\"2018\" height=\"1642\" srcset=\"https:\/\/zoobrasov.ro\/planetariu\/wp-content\/uploads\/2024\/01\/eclipsaLuna2023.jpg 2018w, https:\/\/zoobrasov.ro\/planetariu\/wp-content\/uploads\/2024\/01\/eclipsaLuna2023-300x244.jpg 300w, https:\/\/zoobrasov.ro\/planetariu\/wp-content\/uploads\/2024\/01\/eclipsaLuna2023-1024x833.jpg 1024w, https:\/\/zoobrasov.ro\/planetariu\/wp-content\/uploads\/2024\/01\/eclipsaLuna2023-768x625.jpg 768w, https:\/\/zoobrasov.ro\/planetariu\/wp-content\/uploads\/2024\/01\/eclipsaLuna2023-1536x1250.jpg 1536w\" sizes=\"auto, (max-width: 2018px) 100vw, 2018px\" \/><\/p>\n<p style=\"text-align: right;\"><span style=\"font-size: 80%; color: #999999;\"><em>Foto: Planetariul Bra\u0219ov, NASA<\/em><\/span><\/p>\n<\/div><\/div>\n<\/div>\n<div class=\"row\"  id=\"row-811963838\">\n<div class=\"col small-12 large-12\"  ><div class=\"col-inner\"  >\n<p style=\"text-align: center;\"><span style=\"background-color: #ffffff; color: #000000;\"><em>Dac\u0103 vrei s\u0103 afli mai multe despre eclipse, vino la Planetariul Bra\u0219ov, la spectacolul Sistemul Solar &#8211; Casa noastr\u0103, un spectacol care cuprinde \u0219i o prezentare despre Mecanica Eclipselor, un script realizat de noi la Planetariul Bra\u0219ov. Detalii, aici \u2192 <span style=\"background-color: #00ccff;\"><a style=\"background-color: #00ccff;\" href=\"https:\/\/zoobrasov.ro\/planetariu\/sistemul-solar-casa-noastra\/\" target=\"_blank\" rel=\"noopener\">Sistemul Solar, casa noastr\u0103<\/a><\/span><\/em><\/span><\/p>\n<\/div><\/div>\n<\/div>\n\t\t<\/div><!-- .section-content -->\n\n\t\t\n<style scope=\"scope\">\n\n#section_936547846 {\n  padding-top: 20px;\n  padding-bottom: 20px;\n  min-height: 300px;\n  background-color: rgb(255,255,255);\n}\n\n\n@media (min-width:550px) {\n\n  #section_936547846 {\n    min-height: 400px;\n  }\n\n}\n<\/style>\n\t<\/section>\n\t\n","protected":false},"excerpt":{"rendered":"","protected":false},"author":3,"featured_media":0,"parent":1652,"menu_order":0,"comment_status":"closed","ping_status":"closed","template":"","meta":{"_monsterinsights_skip_tracking":false,"_monsterinsights_sitenote_active":false,"_monsterinsights_sitenote_note":"","_monsterinsights_sitenote_category":0,"footnotes":""},"class_list":["post-1662","page","type-page","status-publish","hentry"],"aioseo_notices":[],"_links":{"self":[{"href":"https:\/\/zoobrasov.ro\/planetariu\/wp-json\/wp\/v2\/pages\/1662","targetHints":{"allow":["GET"]}}],"collection":[{"href":"https:\/\/zoobrasov.ro\/planetariu\/wp-json\/wp\/v2\/pages"}],"about":[{"href":"https:\/\/zoobrasov.ro\/planetariu\/wp-json\/wp\/v2\/types\/page"}],"author":[{"embeddable":true,"href":"https:\/\/zoobrasov.ro\/planetariu\/wp-json\/wp\/v2\/users\/3"}],"replies":[{"embeddable":true,"href":"https:\/\/zoobrasov.ro\/planetariu\/wp-json\/wp\/v2\/comments?post=1662"}],"version-history":[{"count":49,"href":"https:\/\/zoobrasov.ro\/planetariu\/wp-json\/wp\/v2\/pages\/1662\/revisions"}],"predecessor-version":[{"id":2773,"href":"https:\/\/zoobrasov.ro\/planetariu\/wp-json\/wp\/v2\/pages\/1662\/revisions\/2773"}],"up":[{"embeddable":true,"href":"https:\/\/zoobrasov.ro\/planetariu\/wp-json\/wp\/v2\/pages\/1652"}],"wp:attachment":[{"href":"https:\/\/zoobrasov.ro\/planetariu\/wp-json\/wp\/v2\/media?parent=1662"}],"curies":[{"name":"wp","href":"https:\/\/api.w.org\/{rel}","templated":true}]}}