{"id":1666,"date":"2023-02-20T08:47:50","date_gmt":"2023-02-20T06:47:50","guid":{"rendered":"https:\/\/zoobrasov.ro\/planetariu\/?page_id=1666"},"modified":"2023-05-11T16:35:09","modified_gmt":"2023-05-11T14:35:09","slug":"observatii-la-cerere","status":"publish","type":"page","link":"https:\/\/zoobrasov.ro\/planetariu\/observatii-telescop\/observatii-la-cerere\/","title":{"rendered":"Observatii la cerere"},"content":{"rendered":"\t<section class=\"section dark\" id=\"section_1141494674\">\n\t\t<div class=\"bg section-bg fill bg-fill  \" >\n\n\t\t\t\n\t\t\t<div class=\"section-bg-overlay absolute fill\"><\/div>\n\t\t\t\n\n\t\t<\/div><!-- .section-bg -->\n\n\t\t<div class=\"section-content relative\">\n\t\t\t\n<div class=\"row\"  id=\"row-1072008981\">\n<div class=\"col hide-for-small medium-7 small-12 large-7\"  ><div class=\"col-inner\" style=\"margin:335px 0px 0px 0px;\" >\n  <div id=\"page-header-55773663\" class=\"page-header-wrapper\">\n  <div class=\"page-title dark simple-title\">\n\n    \n    <div class=\"page-title-inner container align-top text-center flex-row-col medium-flex-wrap\" >\n              <div class=\"title-wrapper uppercase is-small flex-col\">\n          <h1 class=\"entry-title mb-0\">\n            OBSERVATII TELESCOP LA CERERE          <\/h1>\n        <\/div>\n                    <div class=\"title-content flex-col\">\n        <div class=\"title-breadcrumbs pb-half pt-half\"><\/div>      <\/div>\n    <\/div><!-- flex-row -->\n\n     \n<style scope=\"scope\">\n\n<\/style>\n  <\/div><!-- .page-title -->\n    <\/div><!-- .page-header-wrapper -->\n  \n<\/div><\/div>\n<\/div>\n\t\t<\/div><!-- .section-content -->\n\n\t\t\n<style scope=\"scope\">\n\n#section_1141494674 {\n  padding-top: 30px;\n  padding-bottom: 30px;\n  min-height: 300px;\n  background-color: rgb(0,0,0);\n}\n#section_1141494674 .section-bg-overlay {\n  background-color: rgba(0, 0, 0, 0.13);\n}\n#section_1141494674 .section-bg.bg-loaded {\n  background-image: url(https:\/\/zoobrasov.ro\/planetariu\/wp-content\/uploads\/2023\/05\/obsCerere.jpg);\n}\n#section_1141494674 .section-bg {\n  background-position: 35% 100%;\n}\n\n\n@media (min-width:550px) {\n\n  #section_1141494674 {\n    min-height: 400px;\n  }\n\n}\n\n\n@media (min-width:850px) {\n\n  #section_1141494674 {\n    min-height: 550px;\n  }\n\n}\n<\/style>\n\t<\/section>\n\t\n\t<section class=\"section dark\" id=\"section_662613084\">\n\t\t<div class=\"bg section-bg fill bg-fill  bg-loaded\" >\n\n\t\t\t\n\t\t\t\n\t\t\t\n\n\t\t<\/div><!-- .section-bg -->\n\n\t\t<div class=\"section-content relative\">\n\t\t\t\n\t<div id=\"gap-1938157186\" class=\"gap-element clearfix hide-for-small\" style=\"display:block; height:auto;\">\n\t\t\n<style scope=\"scope\">\n\n#gap-1938157186 {\n  padding-top: 60px;\n}\n<\/style>\n\t<\/div>\n\t\n<div class=\"row row-small row-full-width\"  id=\"row-1763674925\">\n<div class=\"col medium-6 small-12 large-6\"  ><div class=\"col-inner\" style=\"margin:-10px 0px 0px 10px;\" >\n<p><span style=\"color: #000000;\">Planetariul Bra\u0219ov ofer\u0103 un nou serviciu: observa\u021bii de noapte &#8211; bolta cereasc\u0103 sau\/\u0219i observa\u021bii solare, la cerere.<\/span><\/p>\n<p><span style=\"color: #000000;\">Ce presupun observa\u021biile la cerere? Prezen\u021ba cu telescoapele din dotarea noastr\u0103, contra-cost (la cererea persoanelor juridice sau a ONG-urilor), \u00een locuri stabilite de comun acord, locuri din care putem privi cum nebuloasele \u00ee\u0219i dezv\u0103luie culorile, planetele \u00ee\u0219i arat\u0103 detaliile, cum cerul r\u0103m\u00e2ne f\u0103r\u0103 multe dintre secretele sale. Vedem Soarele, ziua, Luna, planetele, roiurile stelare, stelele duble, galaxiile, nebuloasele, vorbim despre ele, ne imagin\u0103m cum au luat na\u0219tere \u0219i cum vor pieri l\u0103s\u00e2nd urme fabuloase pe firmament.<\/span><\/p>\n\t<div id=\"gap-510222844\" class=\"gap-element clearfix show-for-small\" style=\"display:block; height:auto;\">\n\t\t\n<style scope=\"scope\">\n\n#gap-510222844 {\n  padding-top: 25px;\n}\n\n\n@media (min-width:550px) {\n\n  #gap-510222844 {\n    padding-top: 30px;\n  }\n\n}\n<\/style>\n\t<\/div>\n\t\n<\/div><\/div>\n<div class=\"col medium-6 small-12 large-6\"  ><div class=\"col-inner\" style=\"margin:-60px 0px 0px 10px;\" >\n\t<div id=\"gap-1197122375\" class=\"gap-element clearfix show-for-small\" style=\"display:block; height:auto;\">\n\t\t\n<style scope=\"scope\">\n\n#gap-1197122375 {\n  padding-top: 30px;\n}\n\n\n@media (min-width:550px) {\n\n  #gap-1197122375 {\n    padding-top: 30px;\n  }\n\n}\n<\/style>\n\t<\/div>\n\t\n\n  <div class=\"banner has-hover bg-zoom\" id=\"banner-567431234\">\n          <div class=\"banner-inner fill\">\n        <div class=\"banner-bg fill\" >\n            <div class=\"bg fill bg-fill \"><\/div>\n                                    \n\t<div class=\"is-border\"\n\t\tstyle=\"border-width:3px 3px 3px 3px;\">\n\t<\/div>\n                    <\/div><!-- bg-layers -->\n        <div class=\"banner-layers container\">\n            <a class=\"fill\" href=\"https:\/\/zoobrasov.ro\/planetariu\/blog\/terra\/\"  ><div class=\"fill banner-link\"><\/div><\/a>            \n   <div id=\"text-box-575341054\" class=\"text-box banner-layer text-box-circle hide-for-small x5 md-x5 lg-x5 y95 md-y95 lg-y95 res-text\">\n                                <div class=\"text dark\">\n              \n              <div class=\"text-inner text-center\">\n                  \n<a class=\"button white is-link is-xxlarge hide-for-small\"  >\n    <span>Telescoape<\/span>\n  <\/a>\n\n              <\/div>\n           <\/div><!-- text-box-inner -->\n                            \n<style scope=\"scope\">\n\n#text-box-575341054 .text {\n  background-color: rgb(58, 152, 110);\n  font-size: 60%;\n}\n#text-box-575341054 {\n  width: 19%;\n}\n<\/style>\n    <\/div><!-- text-box -->\n \n        <\/div><!-- .banner-layers -->\n      <\/div><!-- .banner-inner -->\n\n            \n<style scope=\"scope\">\n\n#banner-567431234 {\n  padding-top: 250px;\n  background-color: rgb(252, 252, 252);\n}\n#banner-567431234 .bg.bg-loaded {\n  background-image: url(https:\/\/zoobrasov.ro\/planetariu\/wp-content\/uploads\/2023\/02\/foartebunacu-LOGOk-1024x741.jpg);\n}\n\n\n@media (min-width:550px) {\n\n  #banner-567431234 {\n    padding-top: 400px;\n  }\n\n}\n<\/style>\n  <\/div><!-- .banner -->\n\n\n<\/div><\/div>\n\n<style scope=\"scope\">\n\n<\/style>\n<\/div>\n<div class=\"row row-small row-full-width show-for-small\"  id=\"row-550808428\">\n<div class=\"col hide-for-small medium-6 small-12 large-3\"  data-animate=\"fadeInUp\"><div class=\"col-inner\" style=\"margin:0px 0px 0px 10px;\" >\n\n  <div class=\"banner has-hover bg-zoom hide-for-small\" id=\"banner-1391111371\">\n          <div class=\"banner-inner fill\">\n        <div class=\"banner-bg fill\" >\n            <div class=\"bg fill bg-fill \"><\/div>\n                                    \n\t<div class=\"is-border\"\n\t\tstyle=\"border-width:3px 3px 3px 3px;\">\n\t<\/div>\n                    <\/div><!-- bg-layers -->\n        <div class=\"banner-layers container\">\n            <a class=\"fill\" href=\"https:\/\/zoobrasov.ro\/planetariu\/blog\/sistemul-solar\/\"  ><div class=\"fill banner-link\"><\/div><\/a>            \t<div class=\"hotspot-wrapper x95 md-x95 lg-x95 y5 md-y5 lg-y5 dark\">\n\t\t<div data-animate=\"bounceIn\">\n\t\t\t\t\t\t\t<a href=\"https:\/\/zoobrasov.ro\/planetariu\/blog\/sistemul-solar\/\" class=\"hotspot tooltip\" title=\"Sistemul Solar\" >\n\t\t\t\t\t<i class=\"icon-search\"><\/i>\n\t\t\t\t<\/a>\n\t\t\t\t\t<\/div>\n\t<\/div>\n\t\n\n   <div id=\"text-box-1230851473\" class=\"text-box banner-layer text-box-circle x5 md-x5 lg-x5 y95 md-y95 lg-y95 res-text\">\n                                <div class=\"text dark\">\n              \n              <div class=\"text-inner text-center\">\n                  \n<a href=\"https:\/\/zoobrasov.ro\/planetariu\/blog\/sistemul-solar\/\" target=\"_self\" class=\"button white is-link\"  >\n    <span>Sistemul Solar<\/span>\n  <\/a>\n\n              <\/div>\n           <\/div><!-- text-box-inner -->\n                            \n<style scope=\"scope\">\n\n#text-box-1230851473 .text {\n  background-color: rgb(58, 152, 110);\n  font-size: 100%;\n}\n#text-box-1230851473 {\n  width: 35%;\n}\n\n\n@media (min-width:550px) {\n\n  #text-box-1230851473 {\n    width: 60%;\n  }\n\n}\n<\/style>\n    <\/div><!-- text-box -->\n \n        <\/div><!-- .banner-layers -->\n      <\/div><!-- .banner-inner -->\n\n            \n<style scope=\"scope\">\n\n#banner-1391111371 {\n  padding-top: 250px;\n  background-color: rgb(252, 252, 252);\n}\n#banner-1391111371 .bg.bg-loaded {\n  background-image: url(https:\/\/zoobrasov.ro\/planetariu\/wp-content\/uploads\/2021\/11\/galaxii-mobile.jpg);\n}\n\n\n@media (min-width:550px) {\n\n  #banner-1391111371 {\n    padding-top: 400px;\n  }\n\n}\n<\/style>\n  <\/div><!-- .banner -->\n\n\n<\/div><\/div>\n<div class=\"col hide-for-small medium-6 small-12 large-3\"  data-animate=\"fadeInUp\"><div class=\"col-inner\" style=\"margin:0px 0px 0px 10px;\" >\n\n  <div class=\"banner has-hover bg-zoom hide-for-small\" id=\"banner-426798852\">\n          <div class=\"banner-inner fill\">\n        <div class=\"banner-bg fill\" >\n            <div class=\"bg fill bg-fill \"><\/div>\n                                    \n\t<div class=\"is-border\"\n\t\tstyle=\"border-width:3px 3px 3px 3px;\">\n\t<\/div>\n                    <\/div><!-- bg-layers -->\n        <div class=\"banner-layers container\">\n            <a class=\"fill\" href=\"https:\/\/zoobrasov.ro\/planetariu\/blog\/galaxii\/\"  ><div class=\"fill banner-link\"><\/div><\/a>            \t<div class=\"hotspot-wrapper x95 md-x95 lg-x95 y5 md-y5 lg-y5 dark\">\n\t\t<div data-animate=\"bounceIn\">\n\t\t\t\t\t\t\t<a href=\"https:\/\/zoobrasov.ro\/planetariu\/blog\/galaxii\/\" class=\"hotspot tooltip\" title=\"Galaxii\" >\n\t\t\t\t\t<i class=\"icon-search\"><\/i>\n\t\t\t\t<\/a>\n\t\t\t\t\t<\/div>\n\t<\/div>\n\t\n\n   <div id=\"text-box-431010225\" class=\"text-box banner-layer text-box-circle x5 md-x5 lg-x5 y95 md-y95 lg-y95 res-text\">\n                                <div class=\"text dark\">\n              \n              <div class=\"text-inner text-center\">\n                  \n<a href=\"https:\/\/zoobrasov.ro\/planetariu\/blog\/galaxii\/\" target=\"_self\" class=\"button white is-link\"  >\n    <span>Galaxii<\/span>\n  <\/a>\n\n              <\/div>\n           <\/div><!-- text-box-inner -->\n                            \n<style scope=\"scope\">\n\n#text-box-431010225 .text {\n  background-color: rgb(58, 152, 110);\n  font-size: 100%;\n}\n#text-box-431010225 {\n  width: 35%;\n}\n\n\n@media (min-width:550px) {\n\n  #text-box-431010225 {\n    width: 60%;\n  }\n\n}\n<\/style>\n    <\/div><!-- text-box -->\n \n        <\/div><!-- .banner-layers -->\n      <\/div><!-- .banner-inner -->\n\n            \n<style scope=\"scope\">\n\n#banner-426798852 {\n  padding-top: 250px;\n  background-color: rgb(252, 252, 252);\n}\n#banner-426798852 .bg.bg-loaded {\n  background-image: url(https:\/\/zoobrasov.ro\/planetariu\/wp-content\/uploads\/2021\/11\/huble-blog-mobile.jpg);\n}\n\n\n@media (min-width:550px) {\n\n  #banner-426798852 {\n    padding-top: 350px;\n  }\n\n}\n\n\n@media (min-width:850px) {\n\n  #banner-426798852 {\n    padding-top: 400px;\n  }\n\n}\n<\/style>\n  <\/div><!-- .banner -->\n\n\n<\/div><\/div>\n<div class=\"col hide-for-small medium-6 small-12 large-3\"  data-animate=\"fadeInUp\"><div class=\"col-inner\" style=\"margin:0px 0px 0px 10px;\" >\n\n  <div class=\"banner has-hover bg-zoom hide-for-small\" id=\"banner-804472410\">\n          <div class=\"banner-inner fill\">\n        <div class=\"banner-bg fill\" >\n            <div class=\"bg fill bg-fill \"><\/div>\n                                    \n\t<div class=\"is-border\"\n\t\tstyle=\"border-width:3px 3px 3px 3px;\">\n\t<\/div>\n                    <\/div><!-- bg-layers -->\n        <div class=\"banner-layers container\">\n            <a class=\"fill\" href=\"https:\/\/zoobrasov.ro\/planetariu\/blog\/exoplanete\/\"  ><div class=\"fill banner-link\"><\/div><\/a>            \t<div class=\"hotspot-wrapper x95 md-x95 lg-x95 y5 md-y5 lg-y5 dark\">\n\t\t<div data-animate=\"bounceIn\">\n\t\t\t\t\t\t\t<a href=\"https:\/\/zoobrasov.ro\/planetariu\/blog\/exoplanete\/\" class=\"hotspot tooltip\" title=\"Exoplanete\" >\n\t\t\t\t\t<i class=\"icon-search\"><\/i>\n\t\t\t\t<\/a>\n\t\t\t\t\t<\/div>\n\t<\/div>\n\t\n   <div id=\"text-box-603654473\" class=\"text-box banner-layer text-box-circle x5 md-x5 lg-x5 y95 md-y95 lg-y95 res-text\">\n                                <div class=\"text dark\">\n              \n              <div class=\"text-inner text-center\">\n                  \n<a href=\"https:\/\/zoobrasov.ro\/planetariu\/blog\/exoplanete\/\" target=\"_self\" class=\"button white is-link\"  >\n    <span>Exoplanete<\/span>\n  <\/a>\n\n              <\/div>\n           <\/div><!-- text-box-inner -->\n                            \n<style scope=\"scope\">\n\n#text-box-603654473 .text {\n  background-color: rgb(58, 152, 110);\n  font-size: 100%;\n}\n#text-box-603654473 {\n  width: 35%;\n}\n\n\n@media (min-width:550px) {\n\n  #text-box-603654473 {\n    width: 60%;\n  }\n\n}\n<\/style>\n    <\/div><!-- text-box -->\n \n\n        <\/div><!-- .banner-layers -->\n      <\/div><!-- .banner-inner -->\n\n            \n<style scope=\"scope\">\n\n#banner-804472410 {\n  padding-top: 250px;\n  background-color: rgb(252, 252, 252);\n}\n#banner-804472410 .bg.bg-loaded {\n  background-image: url(https:\/\/zoobrasov.ro\/planetariu\/wp-content\/uploads\/2021\/11\/exoplanete-mobile.jpg);\n}\n\n\n@media (min-width:550px) {\n\n  #banner-804472410 {\n    padding-top: 400px;\n  }\n\n}\n<\/style>\n  <\/div><!-- .banner -->\n\n\n<\/div><\/div>\n<div class=\"col hide-for-small medium-6 small-12 large-3\"  data-animate=\"fadeInUp\"><div class=\"col-inner\" style=\"margin:0px 0px 0px 10px;\" >\n\n  <div class=\"banner has-hover bg-zoom hide-for-small\" id=\"banner-1642432717\">\n          <div class=\"banner-inner fill\">\n        <div class=\"banner-bg fill\" >\n            <div class=\"bg fill bg-fill \"><\/div>\n                                    \n\t<div class=\"is-border\"\n\t\tstyle=\"border-width:3px 3px 3px 3px;\">\n\t<\/div>\n                    <\/div><!-- bg-layers -->\n        <div class=\"banner-layers container\">\n            <a class=\"fill\" href=\"https:\/\/zoobrasov.ro\/planetariu\/blog\/terra\/\"  ><div class=\"fill banner-link\"><\/div><\/a>            \t<div class=\"hotspot-wrapper x95 md-x95 lg-x95 y5 md-y5 lg-y5 dark\">\n\t\t<div data-animate=\"bounceIn\">\n\t\t\t\t\t\t\t<a href=\"https:\/\/zoobrasov.ro\/planetariu\/blog\/terra\/\" class=\"hotspot tooltip\" title=\"Terra\" >\n\t\t\t\t\t<i class=\"icon-search\"><\/i>\n\t\t\t\t<\/a>\n\t\t\t\t\t<\/div>\n\t<\/div>\n\t\n\n   <div id=\"text-box-1946052978\" class=\"text-box banner-layer text-box-circle x5 md-x5 lg-x5 y95 md-y95 lg-y95 res-text\">\n                                <div class=\"text dark\">\n              \n              <div class=\"text-inner text-center\">\n                  \n<a href=\"https:\/\/zoobrasov.ro\/planetariu\/blog\/terra\/\" target=\"_self\" class=\"button white is-link\"  >\n    <span>Terra<\/span>\n  <\/a>\n\n              <\/div>\n           <\/div><!-- text-box-inner -->\n                            \n<style scope=\"scope\">\n\n#text-box-1946052978 .text {\n  background-color: rgb(58, 152, 110);\n  font-size: 100%;\n}\n#text-box-1946052978 {\n  width: 35%;\n}\n\n\n@media (min-width:550px) {\n\n  #text-box-1946052978 {\n    width: 60%;\n  }\n\n}\n<\/style>\n    <\/div><!-- text-box -->\n \n        <\/div><!-- .banner-layers -->\n      <\/div><!-- .banner-inner -->\n\n            \n<style scope=\"scope\">\n\n#banner-1642432717 {\n  padding-top: 250px;\n  background-color: rgb(252, 252, 252);\n}\n#banner-1642432717 .bg.bg-loaded {\n  background-image: url(https:\/\/zoobrasov.ro\/planetariu\/wp-content\/uploads\/2021\/11\/pamant-mobile.jpg);\n}\n\n\n@media (min-width:550px) {\n\n  #banner-1642432717 {\n    padding-top: 400px;\n  }\n\n}\n<\/style>\n  <\/div><!-- .banner -->\n\n\n<\/div><\/div>\n<div class=\"col hide-for-small small-12 large-12\"  ><div class=\"col-inner text-right\" style=\"margin:0px 0px 0px 12px;\" >\n<a href=\"https:\/\/zoobrasov.ro\/planetariu\/category\/blog\/\" target=\"_self\" class=\"button alert is-underline is-small box-shadow-3 box-shadow-5-hover hide-for-small\"  style=\"border-radius:5px;\">\n    <span>Vezi toate articolele de pe blog<\/span>\n  <\/a>\n\n<\/div><\/div>\n\n<style scope=\"scope\">\n\n<\/style>\n<\/div>\n<div class=\"row\"  id=\"row-1275190902\">\n<div class=\"col small-12 large-12\"  ><div class=\"col-inner\"  >\n<p><span style=\"color: #000000; background-color: #f99b1c;\">Observa\u021bii cu telescoapele, la cerere<\/span><\/p>\n<p><span style=\"color: #000000;\">Pentru programare, trimite\u021bi-ne un email la adresele <span style=\"background-color: #ffffff; color: #0000ff;\"><a style=\"background-color: #ffffff; color: #0000ff;\" href=\"mailto:planetariu@zoobrasov.ro\">planetariu@zoobrasov.ro<\/a><\/span> sau <a style=\"color: #000000;\" href=\"mailto:planetariulbv@yahoo.com\"><span style=\"color: #0000ff;\">planetariulbv@yahoo.com<\/span><\/a><\/span><span style=\"color: #000000;\">. Stabilim o dat\u0103, un loc, un program. \u00cembin\u0103m educa\u021bia cu divertismentul. Ne adapt\u0103m serviciile pentru a r\u0103spunde fiec\u0103rei cereri. Putem dezvolta programe personalizate pentru diferite niveluri de v\u00e2rst\u0103, astfel \u00eenc\u00e2t s\u0103 oferim o experien\u021b\u0103 interactiv\u0103, captivant\u0103 \u0219i valoroas\u0103.<\/span><\/p>\n<\/div><\/div>\n<\/div>\n<div class=\"row\"  id=\"row-1867263664\">\n<div class=\"col hide-for-small medium-1 small-12 large-1\"  ><div class=\"col-inner\"  >\n<\/div><\/div>\n<div class=\"col hide-for-small medium-4 small-12 large-4\"  ><div class=\"col-inner\"  >\n\n  <div class=\"banner has-hover hide-for-small\" id=\"banner-112329064\">\n          <div class=\"banner-inner fill\">\n        <div class=\"banner-bg fill\" >\n            <div class=\"bg fill bg-fill \"><\/div>\n                        <div class=\"overlay\"><\/div>            \n\t<div class=\"is-border\"\n\t\tstyle=\"border-width:3px 3px 3px 3px;\">\n\t<\/div>\n                    <\/div><!-- bg-layers -->\n        <div class=\"banner-layers container\">\n            <div class=\"fill banner-link\"><\/div>            \n   <div id=\"text-box-975818745\" class=\"text-box banner-layer text-box-square x10 md-x10 lg-x10 y95 md-y95 lg-y95 res-text\">\n                                <div class=\"text \">\n              \n              <div class=\"text-inner text-left\">\n                  \n<a class=\"button primary is-link is-larger lowercase\"  >\n    <span>Pentru detalii, trimite\u021bi-ne un email la adresele planetariu@zoobrasov.ro sau planetariulbv@yahoo.com<\/span>\n  <\/a>\n\n              <\/div>\n           <\/div><!-- text-box-inner -->\n                            \n<style scope=\"scope\">\n\n#text-box-975818745 .text {\n  background-color: rgb(58, 152, 110);\n  font-size: 129%;\n}\n#text-box-975818745 {\n  width: 82%;\n}\n<\/style>\n    <\/div><!-- text-box -->\n \n        <\/div><!-- .banner-layers -->\n      <\/div><!-- .banner-inner -->\n\n            \n<style scope=\"scope\">\n\n#banner-112329064 {\n  padding-top: 250px;\n  background-color: rgba(239, 93, 93, 0.98);\n}\n#banner-112329064 .overlay {\n  background-color: rgba(255, 255, 255, 0);\n}\n\n\n@media (min-width:550px) {\n\n  #banner-112329064 {\n    padding-top: 400px;\n  }\n\n}\n<\/style>\n  <\/div><!-- .banner -->\n\n\n<\/div><\/div>\n<div class=\"col hide-for-small medium-1 small-12 large-1\"  ><div class=\"col-inner\"  >\n<\/div><\/div>\n<div class=\"col medium-6 small-12 large-6\"  ><div class=\"col-inner\"  >\n<p style=\"text-align: center;\"><span style=\"color: #000000; background-color: #f99b1c;\">Ce telescoape avem la Planetariul Bra\u0219ov<\/span><\/p>\n<p><span style=\"color: #000000;\">\u2022 Telescopul Skywatcher Dobson FlexTube 400\/1800, un instrument ideal pentru a urm\u0103ri obiectele aflate la distan\u021be mari care \u00eencearc\u0103 s\u0103 se ascund\u0103 de ochii no\u0219tri.<\/span><br \/><span style=\"color: #000000;\">\u2022 Telescopul Lunt LS130MT\/B1800, dotat <em>(ziua)<\/em> cu \u00abfiltru\u00bb H-Alpha, prin care se pot observa protuberan\u021bele sau filamentele solare.<\/span><br \/><span style=\"color: #000000;\">\u2022 Telescopul Skywatcher 80\/600 ED Apo, dotat <em>(ziua)<\/em> cu \u00abfiltru\u00bb Ca-H line (Daystar Quark), prin care se pot observa faculele \u0219i plajele solare.<\/span><br \/><span style=\"color: #000000;\">\u2022 Telescopul Skywatcher 100\/900 ED Apo, dotat <em>(ziua)<\/em> cu prism\u0103 Herschel, prin care se poate observa Soarele \u00een lumin\u0103 vizibil\u0103, fiind eviden\u021biate foarte bine petele solare.<\/span><br \/><span style=\"color: #000000; font-size: 75%;\">* Lunetele pot fi folosite \u0219i noaptea, f\u0103r\u0103 \u201dfiltrele\u201d solare, pentru observarea mai multor obiecte cere\u0219ti simultan.<\/span><\/p>\n<\/div><\/div>\n<\/div>\n\t\t<\/div><!-- .section-content -->\n\n\t\t\n<style scope=\"scope\">\n\n#section_662613084 {\n  padding-top: 20px;\n  padding-bottom: 20px;\n  min-height: 300px;\n  background-color: rgb(255,255,255);\n}\n\n\n@media (min-width:550px) {\n\n  #section_662613084 {\n    min-height: 400px;\n  }\n\n}\n<\/style>\n\t<\/section>\n\t\n<div class=\"row\"  id=\"row-1727859938\">\n<div class=\"col small-12 large-12\"  ><div class=\"col-inner\" style=\"margin:-30px 0px 0px 0px;\" >\n<p><span style=\"color: #000000;\"><span style=\"background-color: #ff9900;\">Taxa:<\/span> Observa\u021bii de noapte &#8211; bolta cereasc\u0103 sau\/\u0219i Observa\u021bii solare, la cerere &#8211; 2.500 lei\/or\u0103, minim 2 ore &#8211; maxim 5 ore. \u00cen situa\u021bia dep\u0103\u0219irii timpului maxim stabilit prin contract, se percepe o tax\u0103 adi\u021bional\u0103 de 3.500 lei\/or\u0103.<\/span><\/p>\n<p><span style=\"color: #000000;\">Bolta cereasc\u0103, cu ale ei stele, planete \u0219i sateli\u021bi, a aprins imagina\u021bia oamenilor \u00eenc\u0103 de la apari\u021bia acestora pe P\u0103m\u00e2nt. I-a f\u0103cut s\u0103-\u0219i pun\u0103 \u00eentreb\u0103ri, s\u0103 foloseasc\u0103 pozi\u021bia astrelor pe cer pentru activit\u0103\u021bile de la sol, s\u0103 creeze pove\u0219ti \u0219i mituri. Observarea cerului ofer\u0103 o alt\u0103 perspectiv\u0103 asupra lumii, o mai bun\u0103 cunoa\u0219tere \u0219i \u00een\u021belegere a Universului \u00een care tr\u0103im, deschide noi perspective, noi orizonturi, poate impulsiona interesul copiilor, tinerilor sau adul\u021bilor, pentru \u0219tiin\u021b\u0103, tehnic\u0103, inginerie, matematic\u0103 sau art\u0103, \u0219i-l poate \u00eencuraja s\u0103 experimenteze, s\u0103 observe, s\u0103 cerceteze.<\/span><\/p>\n<\/div><\/div>\n<\/div>\n","protected":false},"excerpt":{"rendered":"","protected":false},"author":3,"featured_media":0,"parent":1652,"menu_order":0,"comment_status":"closed","ping_status":"closed","template":"","meta":{"_monsterinsights_skip_tracking":false,"_monsterinsights_sitenote_active":false,"_monsterinsights_sitenote_note":"","_monsterinsights_sitenote_category":0,"footnotes":""},"class_list":["post-1666","page","type-page","status-publish","hentry"],"aioseo_notices":[],"_links":{"self":[{"href":"https:\/\/zoobrasov.ro\/planetariu\/wp-json\/wp\/v2\/pages\/1666","targetHints":{"allow":["GET"]}}],"collection":[{"href":"https:\/\/zoobrasov.ro\/planetariu\/wp-json\/wp\/v2\/pages"}],"about":[{"href":"https:\/\/zoobrasov.ro\/planetariu\/wp-json\/wp\/v2\/types\/page"}],"author":[{"embeddable":true,"href":"https:\/\/zoobrasov.ro\/planetariu\/wp-json\/wp\/v2\/users\/3"}],"replies":[{"embeddable":true,"href":"https:\/\/zoobrasov.ro\/planetariu\/wp-json\/wp\/v2\/comments?post=1666"}],"version-history":[{"count":17,"href":"https:\/\/zoobrasov.ro\/planetariu\/wp-json\/wp\/v2\/pages\/1666\/revisions"}],"predecessor-version":[{"id":2059,"href":"https:\/\/zoobrasov.ro\/planetariu\/wp-json\/wp\/v2\/pages\/1666\/revisions\/2059"}],"up":[{"embeddable":true,"href":"https:\/\/zoobrasov.ro\/planetariu\/wp-json\/wp\/v2\/pages\/1652"}],"wp:attachment":[{"href":"https:\/\/zoobrasov.ro\/planetariu\/wp-json\/wp\/v2\/media?parent=1666"}],"curies":[{"name":"wp","href":"https:\/\/api.w.org\/{rel}","templated":true}]}}