{"id":531,"date":"2021-10-20T11:32:51","date_gmt":"2021-10-20T09:32:51","guid":{"rendered":"https:\/\/zoobrasov.ro\/planetariu\/?page_id=531"},"modified":"2022-03-08T11:16:33","modified_gmt":"2022-03-08T09:16:33","slug":"sistemul-solar","status":"publish","type":"page","link":"https:\/\/zoobrasov.ro\/planetariu\/blog\/sistemul-solar\/","title":{"rendered":"Sistemul Solar"},"content":{"rendered":"\t<section class=\"section dark\" id=\"section_932641332\">\n\t\t<div class=\"bg section-bg fill bg-fill  \" >\n\n\t\t\t\n\t\t\t<div class=\"section-bg-overlay absolute fill\"><\/div>\n\t\t\t\n\n\t\t<\/div><!-- .section-bg -->\n\n\t\t<div class=\"section-content relative\">\n\t\t\t\n<div class=\"row\"  id=\"row-80982688\">\n<div class=\"col small-12 large-12\"  ><div class=\"col-inner\" style=\"margin:-125px 0px 0px 0px;\" >\n  <div id=\"page-header-323495744\" class=\"page-header-wrapper\">\n  <div class=\"page-title dark simple-title\">\n\n    \n    <div class=\"page-title-inner container align-top text-center flex-row-col medium-flex-wrap\" >\n              <div class=\"title-wrapper uppercase is-small flex-col\">\n          <h1 class=\"entry-title mb-0\">\n            Sistemul Solar          <\/h1>\n        <\/div>\n                    <div class=\"title-content flex-col\">\n        <div class=\"title-breadcrumbs pb-half pt-half\"><\/div>      <\/div>\n    <\/div><!-- flex-row -->\n\n     \n<style scope=\"scope\">\n\n<\/style>\n  <\/div><!-- .page-title -->\n    <\/div><!-- .page-header-wrapper -->\n  \n<\/div><\/div>\n<\/div>\n\t\t<\/div><!-- .section-content -->\n\n\t\t\n<style scope=\"scope\">\n\n#section_932641332 {\n  padding-top: 30px;\n  padding-bottom: 30px;\n  min-height: 300px;\n  background-color: rgb(0,0,0);\n}\n#section_932641332 .section-bg-overlay {\n  background-color: rgba(0, 0, 0, 0.13);\n}\n#section_932641332 .section-bg.bg-loaded {\n  background-image: url(https:\/\/zoobrasov.ro\/planetariu\/wp-content\/uploads\/2021\/10\/greg-rakozy-oMpAz-DN-9I-unsplash.jpg);\n}\n#section_932641332 .section-bg {\n  background-position: 45% 94%;\n}\n\n\n@media (min-width:550px) {\n\n  #section_932641332 {\n    min-height: 400px;\n  }\n\n}\n\n\n@media (min-width:850px) {\n\n  #section_932641332 {\n    min-height: 550px;\n  }\n\n}\n<\/style>\n\t<\/section>\n\t\n\t<section class=\"section dark\" id=\"section_425956746\">\n\t\t<div class=\"bg section-bg fill bg-fill  bg-loaded\" >\n\n\t\t\t\n\t\t\t\n\t\t\t\n\n\t\t<\/div><!-- .section-bg -->\n\n\t\t<div class=\"section-content relative\">\n\t\t\t\n<div class=\"row align-center\"  id=\"row-1165925439\">\n<div class=\"col medium-10 small-11 large-9\"  ><div class=\"col-inner text-center\"  >\n<div class=\"row row-collapse\"  id=\"row-1607104979\">\n<div class=\"col small-6 large-12\"  ><div class=\"col-inner text-center\"  >\n<a href=\"https:\/\/zoobrasov.ro\/planetariu\/blog\/\" target=\"_self\" class=\"button primary is-link is-small\"  >\n    <span>blog<\/span>\n  <\/a>\n\n<a href=\"https:\/\/zoobrasov.ro\/planetariu\/blog\/galaxii\/\" target=\"_self\" class=\"button primary is-link is-small\"  >\n  <i class=\"icon-play\" ><\/i>  <span>Galaxii<\/span>\n  <\/a>\n\n<a href=\"https:\/\/zoobrasov.ro\/planetariu\/blog\/exoplanete\/\" target=\"_self\" class=\"button primary is-link is-small\"  >\n  <i class=\"icon-plus\" ><\/i>  <span>Exoplanete<\/span>\n  <\/a>\n\n<a href=\"https:\/\/zoobrasov.ro\/planetariu\/blog\/terra\/\" target=\"_self\" class=\"button primary is-link is-small\"  >\n  <i class=\"icon-map-pin-fill\" ><\/i>  <span>Terra<\/span>\n  <\/a>\n\n<\/div><\/div>\n\n<style scope=\"scope\">\n\n<\/style>\n<\/div>\n<div class=\"searchform-wrapper ux-search-box relative form-flat is-small\"><form method=\"get\" class=\"searchform\" action=\"https:\/\/zoobrasov.ro\/planetariu\/\" role=\"search\">\n\t\t<div class=\"flex-row relative\">\n\t\t\t<div class=\"flex-col flex-grow\">\n\t   \t   <input type=\"search\" class=\"search-field mb-0\" name=\"s\" value=\"\" id=\"s\" placeholder=\"Search&hellip;\" \/>\n\t\t\t<\/div><!-- .flex-col -->\n\t\t\t<div class=\"flex-col\">\n\t\t\t\t<button type=\"submit\" class=\"ux-search-submit submit-button secondary button icon mb-0\" aria-label=\"Submit\">\n\t\t\t\t\t<i class=\"icon-search\" ><\/i>\t\t\t\t<\/button>\n\t\t\t<\/div><!-- .flex-col -->\n\t\t<\/div><!-- .flex-row -->\n    <div class=\"live-search-results text-left z-top\"><\/div>\n<\/form>\n<\/div>\n<\/div><\/div>\n\n<style scope=\"scope\">\n\n<\/style>\n<\/div>\n\t<div id=\"gap-929968021\" class=\"gap-element clearfix\" style=\"display:block; height:auto;\">\n\t\t\n<style scope=\"scope\">\n\n#gap-929968021 {\n  padding-top: 40px;\n}\n<\/style>\n\t<\/div>\n\t\n<div class=\"row\"  id=\"row-1045484784\">\n<div class=\"col small-12 large-12\"  ><div class=\"col-inner\"  >\n<div class=\"row\"  id=\"row-1982661841\">\n<div class=\"col medium-4 small-12 large-4\"  ><div class=\"col-inner\"  >\n\n  \n    <div id=\"row-1397708499\" class=\"slider slider-auto-height row-collapse slider-nav-reveal\" data-flickity-options='{\"imagesLoaded\": true, \"dragThreshold\" : 5, \"cellAlign\": \"left\",\"wrapAround\": true,\"prevNextButtons\": true,\"percentPosition\": true,\"pageDots\": false, \"rightToLeft\": false, \"autoPlay\" : false}'>\n\n  \t\t<div class=\"col post-item\" >\n\t\t\t<div class=\"col-inner\">\n\t\t\t<a href=\"https:\/\/zoobrasov.ro\/planetariu\/nucleosinteza-stelara-si-impactul-descoperirilor-recente-asupra-intelegerii-originii-elementelor-chimice\/\" class=\"plain\">\n\t\t\t\t<div class=\"box box-normal box-text-bottom box-blog-post has-hover\">\n            \t\t\t\t\t<div class=\"box-image\" >\n  \t\t\t\t\t\t<div class=\"image-cover\" style=\"padding-top:75%;\">\n  \t\t\t\t\t\t\t<img loading=\"lazy\" decoding=\"async\" width=\"300\" height=\"198\" src=\"https:\/\/zoobrasov.ro\/planetariu\/wp-content\/uploads\/2026\/03\/astronomy.com_-300x198.jpg\" class=\"attachment-medium size-medium wp-post-image\" alt=\"\" srcset=\"https:\/\/zoobrasov.ro\/planetariu\/wp-content\/uploads\/2026\/03\/astronomy.com_-300x198.jpg 300w, https:\/\/zoobrasov.ro\/planetariu\/wp-content\/uploads\/2026\/03\/astronomy.com_-1024x674.jpg 1024w, https:\/\/zoobrasov.ro\/planetariu\/wp-content\/uploads\/2026\/03\/astronomy.com_-768x506.jpg 768w, https:\/\/zoobrasov.ro\/planetariu\/wp-content\/uploads\/2026\/03\/astronomy.com_-1536x1012.jpg 1536w, https:\/\/zoobrasov.ro\/planetariu\/wp-content\/uploads\/2026\/03\/astronomy.com_-2048x1349.jpg 2048w\" sizes=\"auto, (max-width: 300px) 100vw, 300px\" \/>  \t\t\t\t\t\t\t  \t\t\t\t\t\t\t  \t\t\t\t\t\t<\/div>\n  \t\t\t\t\t\t  \t\t\t\t\t<\/div><!-- .box-image -->\n          \t\t\t\t\t<div class=\"box-text text-center\" >\n\t\t\t\t\t<div class=\"box-text-inner blog-post-inner\">\n\n\t\t\t\t\t\n\t\t\t\t\t\t\t\t\t\t<h5 class=\"post-title is-large \">Nucleosinteza stelar\u0103 \u0219i impactul descoperirilor recente asupra \u00een\u021belegerii originii elementelor chimice<\/h5>\n\t\t\t\t\t\t\t\t\t\t<div class=\"is-divider\"><\/div>\n\t\t\t\t\t\t\t\t\t\t<p class=\"from_the_blog_excerpt \">Nucleosinteza stelar\u0103 reprezint\u0103 ansamblul proceselor fizice prin care elementele chimice sunt formate \u00een interiorul stelelor, ca urmare a reac\u021biilor [...]\t\t\t\t\t<\/p>\n\t\t\t\t\t                    \n\t\t\t\t\t\n\t\t\t\t\t\n\t\t\t\t\t<\/div><!-- .box-text-inner -->\n\t\t\t\t\t<\/div><!-- .box-text -->\n\t\t\t\t\t\t\t\t\t\t\t\t\t\t\t\t<div class=\"badge absolute top post-date badge-circle-inside\">\n\t\t\t\t\t\t\t<div class=\"badge-inner\">\n\t\t\t\t\t\t\t\t<span class=\"post-date-day\">09<\/span><br>\n\t\t\t\t\t\t\t\t<span class=\"post-date-month is-xsmall\">mart.<\/span>\n\t\t\t\t\t\t\t<\/div>\n\t\t\t\t\t\t<\/div>\n\t\t\t\t\t\t\t\t\t<\/div><!-- .box -->\n\t\t\t\t<\/a><!-- .link -->\n\t\t\t<\/div><!-- .col-inner -->\n\t\t<\/div><!-- .col -->\n<\/div>\n<\/div><\/div>\n<div class=\"col medium-4 small-12 large-4\"  ><div class=\"col-inner\"  >\n\n  \n    <div id=\"row-1507196562\" class=\"slider slider-auto-height row-collapse slider-nav-reveal\" data-flickity-options='{\"imagesLoaded\": true, \"dragThreshold\" : 5, \"cellAlign\": \"left\",\"wrapAround\": true,\"prevNextButtons\": true,\"percentPosition\": true,\"pageDots\": false, \"rightToLeft\": false, \"autoPlay\" : false}'>\n\n  \t\t<div class=\"col post-item\" >\n\t\t\t<div class=\"col-inner\">\n\t\t\t<a href=\"https:\/\/zoobrasov.ro\/planetariu\/planeta-uranus\/\" class=\"plain\">\n\t\t\t\t<div class=\"box box-normal box-text-bottom box-blog-post has-hover\">\n            \t\t\t\t\t<div class=\"box-image\" >\n  \t\t\t\t\t\t<div class=\"image-cover\" style=\"padding-top:75%;\">\n  \t\t\t\t\t\t\t<img loading=\"lazy\" decoding=\"async\" width=\"300\" height=\"217\" src=\"https:\/\/zoobrasov.ro\/planetariu\/wp-content\/uploads\/2025\/11\/weic2332a-300x217.jpg\" class=\"attachment-medium size-medium wp-post-image\" alt=\"\" srcset=\"https:\/\/zoobrasov.ro\/planetariu\/wp-content\/uploads\/2025\/11\/weic2332a-300x217.jpg 300w, https:\/\/zoobrasov.ro\/planetariu\/wp-content\/uploads\/2025\/11\/weic2332a-1024x740.jpg 1024w, https:\/\/zoobrasov.ro\/planetariu\/wp-content\/uploads\/2025\/11\/weic2332a-768x555.jpg 768w, https:\/\/zoobrasov.ro\/planetariu\/wp-content\/uploads\/2025\/11\/weic2332a.jpg 1280w\" sizes=\"auto, (max-width: 300px) 100vw, 300px\" \/>  \t\t\t\t\t\t\t  \t\t\t\t\t\t\t  \t\t\t\t\t\t<\/div>\n  \t\t\t\t\t\t  \t\t\t\t\t<\/div><!-- .box-image -->\n          \t\t\t\t\t<div class=\"box-text text-center\" >\n\t\t\t\t\t<div class=\"box-text-inner blog-post-inner\">\n\n\t\t\t\t\t\n\t\t\t\t\t\t\t\t\t\t<h5 class=\"post-title is-large \">URANUS \u2013 Planeta bizar r\u0103sturnat\u0103<\/h5>\n\t\t\t\t\t\t\t\t\t\t<div class=\"is-divider\"><\/div>\n\t\t\t\t\t\t\t\t\t\t<p class=\"from_the_blog_excerpt \">Tip: Gigant de ghea\u021b\u0103 Distan\u021ba fa\u021b\u0103 de Soare: 2.870.972.200 km (\u00een medie 19.2 UA adic\u0103 [...]\t\t\t\t\t<\/p>\n\t\t\t\t\t                    \n\t\t\t\t\t\n\t\t\t\t\t\n\t\t\t\t\t<\/div><!-- .box-text-inner -->\n\t\t\t\t\t<\/div><!-- .box-text -->\n\t\t\t\t\t\t\t\t\t\t\t\t\t\t\t\t<div class=\"badge absolute top post-date badge-circle-inside\">\n\t\t\t\t\t\t\t<div class=\"badge-inner\">\n\t\t\t\t\t\t\t\t<span class=\"post-date-day\">11<\/span><br>\n\t\t\t\t\t\t\t\t<span class=\"post-date-month is-xsmall\">nov.<\/span>\n\t\t\t\t\t\t\t<\/div>\n\t\t\t\t\t\t<\/div>\n\t\t\t\t\t\t\t\t\t<\/div><!-- .box -->\n\t\t\t\t<\/a><!-- .link -->\n\t\t\t<\/div><!-- .col-inner -->\n\t\t<\/div><!-- .col -->\n<\/div>\n<\/div><\/div>\n<div class=\"col medium-4 small-12 large-4\"  ><div class=\"col-inner\"  >\n\n  \n    <div id=\"row-1964512811\" class=\"slider slider-auto-height row-collapse slider-nav-reveal\" data-flickity-options='{\"imagesLoaded\": true, \"dragThreshold\" : 5, \"cellAlign\": \"left\",\"wrapAround\": true,\"prevNextButtons\": true,\"percentPosition\": true,\"pageDots\": false, \"rightToLeft\": false, \"autoPlay\" : false}'>\n\n  \t\t<div class=\"col post-item\" >\n\t\t\t<div class=\"col-inner\">\n\t\t\t<a href=\"https:\/\/zoobrasov.ro\/planetariu\/care-sunt-conditiile-minime-pentru-locuibilitatea-unei-planete\/\" class=\"plain\">\n\t\t\t\t<div class=\"box box-normal box-text-bottom box-blog-post has-hover\">\n            \t\t\t\t\t<div class=\"box-image\" >\n  \t\t\t\t\t\t<div class=\"image-cover\" style=\"padding-top:75%;\">\n  \t\t\t\t\t\t\t<img loading=\"lazy\" decoding=\"async\" width=\"300\" height=\"200\" src=\"https:\/\/zoobrasov.ro\/planetariu\/wp-content\/uploads\/2025\/11\/apa-300x200.jpeg\" class=\"attachment-medium size-medium wp-post-image\" alt=\"\" srcset=\"https:\/\/zoobrasov.ro\/planetariu\/wp-content\/uploads\/2025\/11\/apa-300x200.jpeg 300w, https:\/\/zoobrasov.ro\/planetariu\/wp-content\/uploads\/2025\/11\/apa-1024x682.jpeg 1024w, https:\/\/zoobrasov.ro\/planetariu\/wp-content\/uploads\/2025\/11\/apa-768x512.jpeg 768w, https:\/\/zoobrasov.ro\/planetariu\/wp-content\/uploads\/2025\/11\/apa-1536x1023.jpeg 1536w, https:\/\/zoobrasov.ro\/planetariu\/wp-content\/uploads\/2025\/11\/apa-2048x1364.jpeg 2048w\" sizes=\"auto, (max-width: 300px) 100vw, 300px\" \/>  \t\t\t\t\t\t\t  \t\t\t\t\t\t\t  \t\t\t\t\t\t<\/div>\n  \t\t\t\t\t\t  \t\t\t\t\t<\/div><!-- .box-image -->\n          \t\t\t\t\t<div class=\"box-text text-center\" >\n\t\t\t\t\t<div class=\"box-text-inner blog-post-inner\">\n\n\t\t\t\t\t\n\t\t\t\t\t\t\t\t\t\t<h5 class=\"post-title is-large \">Care sunt conditiile minime pentru locuibilitatea unei planete<\/h5>\n\t\t\t\t\t\t\t\t\t\t<div class=\"is-divider\"><\/div>\n\t\t\t\t\t\t\t\t\t\t<p class=\"from_the_blog_excerpt \">Indiferent dac\u0103 am vrea s\u0103 descoperim via\u021b\u0103 sau nu, indiferent dac\u0103 asta ar putea \u00eensemna c\u0103 ne \u00eendrept\u0103m spre [...]\t\t\t\t\t<\/p>\n\t\t\t\t\t                    \n\t\t\t\t\t\n\t\t\t\t\t\n\t\t\t\t\t<\/div><!-- .box-text-inner -->\n\t\t\t\t\t<\/div><!-- .box-text -->\n\t\t\t\t\t\t\t\t\t\t\t\t\t\t\t\t<div class=\"badge absolute top post-date badge-circle-inside\">\n\t\t\t\t\t\t\t<div class=\"badge-inner\">\n\t\t\t\t\t\t\t\t<span class=\"post-date-day\">11<\/span><br>\n\t\t\t\t\t\t\t\t<span class=\"post-date-month is-xsmall\">nov.<\/span>\n\t\t\t\t\t\t\t<\/div>\n\t\t\t\t\t\t<\/div>\n\t\t\t\t\t\t\t\t\t<\/div><!-- .box -->\n\t\t\t\t<\/a><!-- .link -->\n\t\t\t<\/div><!-- .col-inner -->\n\t\t<\/div><!-- .col -->\n<\/div>\n<\/div><\/div>\n<\/div>\n<\/div><\/div>\n<div class=\"col small-12 large-12\"  ><div class=\"col-inner text-right\" style=\"margin:-20px 0px 0px 0px;\" >\n<a href=\"https:\/\/zoobrasov.ro\/planetariu\/category\/sistemul-solar\/\" target=\"_self\" class=\"button alert is-underline is-small box-shadow-3 box-shadow-5-hover\"  style=\"border-radius:5px;\">\n    <span>Vezi toate articolele despre sistemul solar<\/span>\n  <\/a>\n\n<\/div><\/div>\n<\/div>\n\t\t<\/div><!-- .section-content -->\n\n\t\t\n<style scope=\"scope\">\n\n#section_425956746 {\n  padding-top: 0px;\n  padding-bottom: 0px;\n  min-height: 300px;\n  background-color: rgb(0,0,0);\n}\n\n\n@media (min-width:550px) {\n\n  #section_425956746 {\n    min-height: 400px;\n  }\n\n}\n<\/style>\n\t<\/section>\n\t\n","protected":false},"excerpt":{"rendered":"","protected":false},"author":2,"featured_media":0,"parent":402,"menu_order":0,"comment_status":"closed","ping_status":"closed","template":"","meta":{"_monsterinsights_skip_tracking":false,"_monsterinsights_sitenote_active":false,"_monsterinsights_sitenote_note":"","_monsterinsights_sitenote_category":0,"footnotes":""},"class_list":["post-531","page","type-page","status-publish","hentry"],"aioseo_notices":[],"_links":{"self":[{"href":"https:\/\/zoobrasov.ro\/planetariu\/wp-json\/wp\/v2\/pages\/531","targetHints":{"allow":["GET"]}}],"collection":[{"href":"https:\/\/zoobrasov.ro\/planetariu\/wp-json\/wp\/v2\/pages"}],"about":[{"href":"https:\/\/zoobrasov.ro\/planetariu\/wp-json\/wp\/v2\/types\/page"}],"author":[{"embeddable":true,"href":"https:\/\/zoobrasov.ro\/planetariu\/wp-json\/wp\/v2\/users\/2"}],"replies":[{"embeddable":true,"href":"https:\/\/zoobrasov.ro\/planetariu\/wp-json\/wp\/v2\/comments?post=531"}],"version-history":[{"count":66,"href":"https:\/\/zoobrasov.ro\/planetariu\/wp-json\/wp\/v2\/pages\/531\/revisions"}],"predecessor-version":[{"id":1356,"href":"https:\/\/zoobrasov.ro\/planetariu\/wp-json\/wp\/v2\/pages\/531\/revisions\/1356"}],"up":[{"embeddable":true,"href":"https:\/\/zoobrasov.ro\/planetariu\/wp-json\/wp\/v2\/pages\/402"}],"wp:attachment":[{"href":"https:\/\/zoobrasov.ro\/planetariu\/wp-json\/wp\/v2\/media?parent=531"}],"curies":[{"name":"wp","href":"https:\/\/api.w.org\/{rel}","templated":true}]}}