{"id":607,"date":"2021-10-21T08:15:37","date_gmt":"2021-10-21T06:15:37","guid":{"rendered":"https:\/\/zoobrasov.ro\/planetariu\/?page_id=607"},"modified":"2022-03-08T08:50:14","modified_gmt":"2022-03-08T06:50:14","slug":"galaxii","status":"publish","type":"page","link":"https:\/\/zoobrasov.ro\/planetariu\/blog\/galaxii\/","title":{"rendered":"Galaxii"},"content":{"rendered":"\t<section class=\"section dark\" id=\"section_964567700\">\n\t\t<div class=\"bg section-bg fill bg-fill  \" >\n\n\t\t\t\n\t\t\t<div class=\"section-bg-overlay absolute fill\"><\/div>\n\t\t\t\n\n\t\t<\/div><!-- .section-bg -->\n\n\t\t<div class=\"section-content relative\">\n\t\t\t\n<div class=\"row\"  id=\"row-1196074270\">\n<div class=\"col small-12 large-12\"  ><div class=\"col-inner\" style=\"margin:-125px 0px 0px 0px;\" >\n  <div id=\"page-header-1222981633\" class=\"page-header-wrapper\">\n  <div class=\"page-title dark simple-title\">\n\n    \n    <div class=\"page-title-inner container align-top text-center flex-row-col medium-flex-wrap\" >\n              <div class=\"title-wrapper uppercase is-small flex-col\">\n          <h1 class=\"entry-title mb-0\">\n            Galaxii          <\/h1>\n        <\/div>\n                    <div class=\"title-content flex-col\">\n        <div class=\"title-breadcrumbs pb-half pt-half\"><\/div>      <\/div>\n    <\/div><!-- flex-row -->\n\n     \n<style scope=\"scope\">\n\n<\/style>\n  <\/div><!-- .page-title -->\n    <\/div><!-- .page-header-wrapper -->\n  \n<\/div><\/div>\n<\/div>\n\t\t<\/div><!-- .section-content -->\n\n\t\t\n<style scope=\"scope\">\n\n#section_964567700 {\n  padding-top: 30px;\n  padding-bottom: 30px;\n  min-height: 300px;\n  background-color: rgb(0,0,0);\n}\n#section_964567700 .section-bg-overlay {\n  background-color: rgba(0, 0, 0, 0.13);\n}\n#section_964567700 .section-bg.bg-loaded {\n  background-image: url(https:\/\/zoobrasov.ro\/planetariu\/wp-content\/uploads\/2021\/10\/greg-rakozy-oMpAz-DN-9I-unsplash.jpg);\n}\n#section_964567700 .section-bg {\n  background-position: 45% 94%;\n}\n\n\n@media (min-width:550px) {\n\n  #section_964567700 {\n    min-height: 400px;\n  }\n\n}\n\n\n@media (min-width:850px) {\n\n  #section_964567700 {\n    min-height: 550px;\n  }\n\n}\n<\/style>\n\t<\/section>\n\t\n\t<section class=\"section dark\" id=\"section_128709479\">\n\t\t<div class=\"bg section-bg fill bg-fill  bg-loaded\" >\n\n\t\t\t\n\t\t\t\n\t\t\t\n\n\t\t<\/div><!-- .section-bg -->\n\n\t\t<div class=\"section-content relative\">\n\t\t\t\n<div class=\"row align-center\"  id=\"row-1012192621\">\n<div class=\"col medium-10 small-11 large-9\"  ><div class=\"col-inner text-center\"  >\n<div class=\"row row-collapse\"  id=\"row-1673115494\">\n<div class=\"col small-6 large-12\"  ><div class=\"col-inner text-center\"  >\n<a href=\"https:\/\/zoobrasov.ro\/planetariu\/blog\/\" target=\"_self\" class=\"button primary is-link is-small\"  >\n    <span>blog<\/span>\n  <\/a>\n\n<a href=\"https:\/\/zoobrasov.ro\/planetariu\/blog\/exoplanete\/\" target=\"_self\" class=\"button primary is-link is-small\"  >\n  <i class=\"icon-plus\" ><\/i>  <span>Exoplanete<\/span>\n  <\/a>\n\n<a href=\"https:\/\/zoobrasov.ro\/planetariu\/blog\/sistemul-solar\/\" target=\"_self\" class=\"button primary is-link is-small\"  >\n  <i class=\"icon-play\" ><\/i>  <span>Sistemul Solar<\/span>\n  <\/a>\n\n<a href=\"https:\/\/zoobrasov.ro\/planetariu\/blog\/terra\/\" target=\"_self\" class=\"button primary is-link is-small\"  >\n  <i class=\"icon-map-pin-fill\" ><\/i>  <span>Terra<\/span>\n  <\/a>\n\n<\/div><\/div>\n\n<style scope=\"scope\">\n\n<\/style>\n<\/div>\n<div class=\"searchform-wrapper ux-search-box relative form-flat is-small\"><form method=\"get\" class=\"searchform\" action=\"https:\/\/zoobrasov.ro\/planetariu\/\" role=\"search\">\n\t\t<div class=\"flex-row relative\">\n\t\t\t<div class=\"flex-col flex-grow\">\n\t   \t   <input type=\"search\" class=\"search-field mb-0\" name=\"s\" value=\"\" id=\"s\" placeholder=\"Search&hellip;\" \/>\n\t\t\t<\/div><!-- .flex-col -->\n\t\t\t<div class=\"flex-col\">\n\t\t\t\t<button type=\"submit\" class=\"ux-search-submit submit-button secondary button icon mb-0\" aria-label=\"Submit\">\n\t\t\t\t\t<i class=\"icon-search\" ><\/i>\t\t\t\t<\/button>\n\t\t\t<\/div><!-- .flex-col -->\n\t\t<\/div><!-- .flex-row -->\n    <div class=\"live-search-results text-left z-top\"><\/div>\n<\/form>\n<\/div>\n<\/div><\/div>\n\n<style scope=\"scope\">\n\n<\/style>\n<\/div>\n\t<div id=\"gap-153515621\" class=\"gap-element clearfix\" style=\"display:block; height:auto;\">\n\t\t\n<style scope=\"scope\">\n\n#gap-153515621 {\n  padding-top: 40px;\n}\n<\/style>\n\t<\/div>\n\t\n<div class=\"row\"  id=\"row-1478063715\">\n<div class=\"col small-12 large-12\"  ><div class=\"col-inner\"  >\n<div class=\"row\"  id=\"row-1281854190\">\n<div class=\"col medium-4 small-12 large-4\"  ><div class=\"col-inner\"  >\n\n  \n    <div id=\"row-862962053\" class=\"slider slider-auto-height row-collapse slider-nav-reveal\" data-flickity-options='{\"imagesLoaded\": true, \"dragThreshold\" : 5, \"cellAlign\": \"left\",\"wrapAround\": true,\"prevNextButtons\": true,\"percentPosition\": true,\"pageDots\": false, \"rightToLeft\": false, \"autoPlay\" : false}'>\n\n  \t\t<div class=\"col post-item\" >\n\t\t\t<div class=\"col-inner\">\n\t\t\t<a href=\"https:\/\/zoobrasov.ro\/planetariu\/paradoxul-fermi\/\" class=\"plain\">\n\t\t\t\t<div class=\"box box-normal box-text-bottom box-blog-post has-hover\">\n            \t\t\t\t\t<div class=\"box-image\" >\n  \t\t\t\t\t\t<div class=\"image-cover\" style=\"padding-top:75%;\">\n  \t\t\t\t\t\t\t<img loading=\"lazy\" decoding=\"async\" width=\"300\" height=\"200\" src=\"https:\/\/zoobrasov.ro\/planetariu\/wp-content\/uploads\/2024\/12\/GettyImages-821251326-800x533-1-300x200.jpg\" class=\"attachment-medium size-medium wp-post-image\" alt=\"\" srcset=\"https:\/\/zoobrasov.ro\/planetariu\/wp-content\/uploads\/2024\/12\/GettyImages-821251326-800x533-1-300x200.jpg 300w, https:\/\/zoobrasov.ro\/planetariu\/wp-content\/uploads\/2024\/12\/GettyImages-821251326-800x533-1-768x512.jpg 768w, https:\/\/zoobrasov.ro\/planetariu\/wp-content\/uploads\/2024\/12\/GettyImages-821251326-800x533-1.jpg 800w\" sizes=\"auto, (max-width: 300px) 100vw, 300px\" \/>  \t\t\t\t\t\t\t  \t\t\t\t\t\t\t  \t\t\t\t\t\t<\/div>\n  \t\t\t\t\t\t  \t\t\t\t\t<\/div><!-- .box-image -->\n          \t\t\t\t\t<div class=\"box-text text-center\" >\n\t\t\t\t\t<div class=\"box-text-inner blog-post-inner\">\n\n\t\t\t\t\t\n\t\t\t\t\t\t\t\t\t\t<h5 class=\"post-title is-large \">\u201dDar unde este toat\u0103 lumea?\u201d &#8211; Paradoxul Fermi<\/h5>\n\t\t\t\t\t\t\t\t\t\t<div class=\"is-divider\"><\/div>\n\t\t\t\t\t\t\t\t\t\t<p class=\"from_the_blog_excerpt \">Celebra \u00eentrebare de mai sus apare ca fiind rostit\u0103 de fizicianul Enrico Fermi \u00een anul 1950 \u0219i ea se [...]\t\t\t\t\t<\/p>\n\t\t\t\t\t                    \n\t\t\t\t\t\n\t\t\t\t\t\n\t\t\t\t\t<\/div><!-- .box-text-inner -->\n\t\t\t\t\t<\/div><!-- .box-text -->\n\t\t\t\t\t\t\t\t\t\t\t\t\t\t\t\t<div class=\"badge absolute top post-date badge-circle-inside\">\n\t\t\t\t\t\t\t<div class=\"badge-inner\">\n\t\t\t\t\t\t\t\t<span class=\"post-date-day\">28<\/span><br>\n\t\t\t\t\t\t\t\t<span class=\"post-date-month is-xsmall\">dec.<\/span>\n\t\t\t\t\t\t\t<\/div>\n\t\t\t\t\t\t<\/div>\n\t\t\t\t\t\t\t\t\t<\/div><!-- .box -->\n\t\t\t\t<\/a><!-- .link -->\n\t\t\t<\/div><!-- .col-inner -->\n\t\t<\/div><!-- .col -->\n<\/div>\n<\/div><\/div>\n<div class=\"col medium-4 small-12 large-4\"  ><div class=\"col-inner\"  >\n\n  \n    <div id=\"row-525128634\" class=\"slider slider-auto-height row-collapse slider-nav-reveal\" data-flickity-options='{\"imagesLoaded\": true, \"dragThreshold\" : 5, \"cellAlign\": \"left\",\"wrapAround\": true,\"prevNextButtons\": true,\"percentPosition\": true,\"pageDots\": false, \"rightToLeft\": false, \"autoPlay\" : false}'>\n\n  \t\t<div class=\"col post-item\" >\n\t\t\t<div class=\"col-inner\">\n\t\t\t<a href=\"https:\/\/zoobrasov.ro\/planetariu\/o-stea-intr-o-stea\/\" class=\"plain\">\n\t\t\t\t<div class=\"box box-normal box-text-bottom box-blog-post has-hover\">\n            \t\t\t\t\t<div class=\"box-image\" >\n  \t\t\t\t\t\t<div class=\"image-cover\" style=\"padding-top:75%;\">\n  \t\t\t\t\t\t\t<img loading=\"lazy\" decoding=\"async\" width=\"300\" height=\"213\" src=\"https:\/\/zoobrasov.ro\/planetariu\/wp-content\/uploads\/2022\/02\/Stea-in-stea-2-300x213.jpg\" class=\"attachment-medium size-medium wp-post-image\" alt=\"\" srcset=\"https:\/\/zoobrasov.ro\/planetariu\/wp-content\/uploads\/2022\/02\/Stea-in-stea-2-300x213.jpg 300w, https:\/\/zoobrasov.ro\/planetariu\/wp-content\/uploads\/2022\/02\/Stea-in-stea-2-1024x729.jpg 1024w, https:\/\/zoobrasov.ro\/planetariu\/wp-content\/uploads\/2022\/02\/Stea-in-stea-2-768x546.jpg 768w, https:\/\/zoobrasov.ro\/planetariu\/wp-content\/uploads\/2022\/02\/Stea-in-stea-2-1536x1093.jpg 1536w, https:\/\/zoobrasov.ro\/planetariu\/wp-content\/uploads\/2022\/02\/Stea-in-stea-2-2048x1457.jpg 2048w\" sizes=\"auto, (max-width: 300px) 100vw, 300px\" \/>  \t\t\t\t\t\t\t  \t\t\t\t\t\t\t  \t\t\t\t\t\t<\/div>\n  \t\t\t\t\t\t  \t\t\t\t\t<\/div><!-- .box-image -->\n          \t\t\t\t\t<div class=\"box-text text-center\" >\n\t\t\t\t\t<div class=\"box-text-inner blog-post-inner\">\n\n\t\t\t\t\t\n\t\t\t\t\t\t\t\t\t\t<h5 class=\"post-title is-large \">O stea \u00eentr-o stea. Obiectele Thorne-\u017bytkow, o form\u0103 de parazitism cosmic neobi\u0219nuit\u0103<\/h5>\n\t\t\t\t\t\t\t\t\t\t<div class=\"is-divider\"><\/div>\n\t\t\t\t\t\t\t\t\t\t<p class=\"from_the_blog_excerpt \">\u00cen 1975, Kip Thorne \u0219i Anna \u017bytkow au sugerat c\u0103 este absolut posibil ca o [...]\t\t\t\t\t<\/p>\n\t\t\t\t\t                    \n\t\t\t\t\t\n\t\t\t\t\t\n\t\t\t\t\t<\/div><!-- .box-text-inner -->\n\t\t\t\t\t<\/div><!-- .box-text -->\n\t\t\t\t\t\t\t\t\t\t\t\t\t\t\t\t<div class=\"badge absolute top post-date badge-circle-inside\">\n\t\t\t\t\t\t\t<div class=\"badge-inner\">\n\t\t\t\t\t\t\t\t<span class=\"post-date-day\">08<\/span><br>\n\t\t\t\t\t\t\t\t<span class=\"post-date-month is-xsmall\">mart.<\/span>\n\t\t\t\t\t\t\t<\/div>\n\t\t\t\t\t\t<\/div>\n\t\t\t\t\t\t\t\t\t<\/div><!-- .box -->\n\t\t\t\t<\/a><!-- .link -->\n\t\t\t<\/div><!-- .col-inner -->\n\t\t<\/div><!-- .col -->\n<\/div>\n<\/div><\/div>\n<div class=\"col medium-4 small-12 large-4\"  ><div class=\"col-inner\"  >\n\n  \n    <div id=\"row-387141695\" class=\"slider slider-auto-height row-collapse slider-nav-reveal\" data-flickity-options='{\"imagesLoaded\": true, \"dragThreshold\" : 5, \"cellAlign\": \"left\",\"wrapAround\": true,\"prevNextButtons\": true,\"percentPosition\": true,\"pageDots\": false, \"rightToLeft\": false, \"autoPlay\" : false}'>\n\n  \t\t<div class=\"col post-item\" >\n\t\t\t<div class=\"col-inner\">\n\t\t\t<a href=\"https:\/\/zoobrasov.ro\/planetariu\/in-spatiu-e-frig-de-crapa-pietrele-in-laboratoarele-de-pe-terra-ar-ingheta-si-iadul\/\" class=\"plain\">\n\t\t\t\t<div class=\"box box-normal box-text-bottom box-blog-post has-hover\">\n            \t\t\t\t\t<div class=\"box-image\" >\n  \t\t\t\t\t\t<div class=\"image-cover\" style=\"padding-top:75%;\">\n  \t\t\t\t\t\t\t<img loading=\"lazy\" decoding=\"async\" width=\"300\" height=\"197\" src=\"https:\/\/zoobrasov.ro\/planetariu\/wp-content\/uploads\/2021\/11\/nebuloasa-bumerang-300x197.jpg\" class=\"attachment-medium size-medium wp-post-image\" alt=\"\" srcset=\"https:\/\/zoobrasov.ro\/planetariu\/wp-content\/uploads\/2021\/11\/nebuloasa-bumerang-300x197.jpg 300w, https:\/\/zoobrasov.ro\/planetariu\/wp-content\/uploads\/2021\/11\/nebuloasa-bumerang-1024x673.jpg 1024w, https:\/\/zoobrasov.ro\/planetariu\/wp-content\/uploads\/2021\/11\/nebuloasa-bumerang-768x505.jpg 768w, https:\/\/zoobrasov.ro\/planetariu\/wp-content\/uploads\/2021\/11\/nebuloasa-bumerang.jpg 1200w\" sizes=\"auto, (max-width: 300px) 100vw, 300px\" \/>  \t\t\t\t\t\t\t  \t\t\t\t\t\t\t  \t\t\t\t\t\t<\/div>\n  \t\t\t\t\t\t  \t\t\t\t\t<\/div><!-- .box-image -->\n          \t\t\t\t\t<div class=\"box-text text-center\" >\n\t\t\t\t\t<div class=\"box-text-inner blog-post-inner\">\n\n\t\t\t\t\t\n\t\t\t\t\t\t\t\t\t\t<h5 class=\"post-title is-large \">\u00cen spa\u021biu, e frig de crap\u0103 pietrele, \u00een laboratoarele de pe Terra, ar \u00eenghe\u021ba \u0219i Iadul<\/h5>\n\t\t\t\t\t\t\t\t\t\t<div class=\"is-divider\"><\/div>\n\t\t\t\t\t\t\t\t\t\t<p class=\"from_the_blog_excerpt \">\u00cen spa\u021biu, nebuloasa Bumerang are o temperatur\u0103 de 1 k, -272,15 \u00b0C, fiind cea mai friguroas\u0103 zon\u0103 g\u0103sit\u0103 \u00een [...]\t\t\t\t\t<\/p>\n\t\t\t\t\t                    \n\t\t\t\t\t\n\t\t\t\t\t\n\t\t\t\t\t<\/div><!-- .box-text-inner -->\n\t\t\t\t\t<\/div><!-- .box-text -->\n\t\t\t\t\t\t\t\t\t\t\t\t\t\t\t\t<div class=\"badge absolute top post-date badge-circle-inside\">\n\t\t\t\t\t\t\t<div class=\"badge-inner\">\n\t\t\t\t\t\t\t\t<span class=\"post-date-day\">05<\/span><br>\n\t\t\t\t\t\t\t\t<span class=\"post-date-month is-xsmall\">dec.<\/span>\n\t\t\t\t\t\t\t<\/div>\n\t\t\t\t\t\t<\/div>\n\t\t\t\t\t\t\t\t\t<\/div><!-- .box -->\n\t\t\t\t<\/a><!-- .link -->\n\t\t\t<\/div><!-- .col-inner -->\n\t\t<\/div><!-- .col -->\n<\/div>\n<\/div><\/div>\n<\/div>\n<\/div><\/div>\n<div class=\"col small-12 large-12\"  ><div class=\"col-inner text-right\" style=\"margin:-20px 0px 0px 0px;\" >\n<a href=\"https:\/\/zoobrasov.ro\/planetariu\/category\/galaxii\/\" target=\"_self\" class=\"button alert is-underline is-small box-shadow-3 box-shadow-5-hover\"  style=\"border-radius:5px;\">\n    <span>Vezi toate articolele despre galaxii<\/span>\n  <\/a>\n\n<\/div><\/div>\n<\/div>\n\t\t<\/div><!-- .section-content -->\n\n\t\t\n<style scope=\"scope\">\n\n#section_128709479 {\n  padding-top: 0px;\n  padding-bottom: 0px;\n  min-height: 300px;\n  background-color: rgb(0,0,0);\n}\n\n\n@media (min-width:550px) {\n\n  #section_128709479 {\n    min-height: 400px;\n  }\n\n}\n<\/style>\n\t<\/section>\n\t\n","protected":false},"excerpt":{"rendered":"","protected":false},"author":2,"featured_media":0,"parent":402,"menu_order":0,"comment_status":"closed","ping_status":"closed","template":"","meta":{"_monsterinsights_skip_tracking":false,"_monsterinsights_sitenote_active":false,"_monsterinsights_sitenote_note":"","_monsterinsights_sitenote_category":0,"footnotes":""},"class_list":["post-607","page","type-page","status-publish","hentry"],"aioseo_notices":[],"_links":{"self":[{"href":"https:\/\/zoobrasov.ro\/planetariu\/wp-json\/wp\/v2\/pages\/607","targetHints":{"allow":["GET"]}}],"collection":[{"href":"https:\/\/zoobrasov.ro\/planetariu\/wp-json\/wp\/v2\/pages"}],"about":[{"href":"https:\/\/zoobrasov.ro\/planetariu\/wp-json\/wp\/v2\/types\/page"}],"author":[{"embeddable":true,"href":"https:\/\/zoobrasov.ro\/planetariu\/wp-json\/wp\/v2\/users\/2"}],"replies":[{"embeddable":true,"href":"https:\/\/zoobrasov.ro\/planetariu\/wp-json\/wp\/v2\/comments?post=607"}],"version-history":[{"count":10,"href":"https:\/\/zoobrasov.ro\/planetariu\/wp-json\/wp\/v2\/pages\/607\/revisions"}],"predecessor-version":[{"id":1329,"href":"https:\/\/zoobrasov.ro\/planetariu\/wp-json\/wp\/v2\/pages\/607\/revisions\/1329"}],"up":[{"embeddable":true,"href":"https:\/\/zoobrasov.ro\/planetariu\/wp-json\/wp\/v2\/pages\/402"}],"wp:attachment":[{"href":"https:\/\/zoobrasov.ro\/planetariu\/wp-json\/wp\/v2\/media?parent=607"}],"curies":[{"name":"wp","href":"https:\/\/api.w.org\/{rel}","templated":true}]}}