{"id":611,"date":"2021-10-21T08:16:02","date_gmt":"2021-10-21T06:16:02","guid":{"rendered":"https:\/\/zoobrasov.ro\/planetariu\/?page_id=611"},"modified":"2022-03-11T09:47:52","modified_gmt":"2022-03-11T07:47:52","slug":"terra","status":"publish","type":"page","link":"https:\/\/zoobrasov.ro\/planetariu\/blog\/terra\/","title":{"rendered":"Terra"},"content":{"rendered":"\t<section class=\"section dark\" id=\"section_1438548346\">\n\t\t<div class=\"bg section-bg fill bg-fill  \" >\n\n\t\t\t\n\t\t\t<div class=\"section-bg-overlay absolute fill\"><\/div>\n\t\t\t\n\n\t\t<\/div><!-- .section-bg -->\n\n\t\t<div class=\"section-content relative\">\n\t\t\t\n<div class=\"row\"  id=\"row-1036561691\">\n<div class=\"col small-12 large-12\"  ><div class=\"col-inner\" style=\"margin:-125px 0px 0px 0px;\" >\n  <div id=\"page-header-1375875896\" class=\"page-header-wrapper\">\n  <div class=\"page-title dark simple-title\">\n\n    \n    <div class=\"page-title-inner container align-top text-center flex-row-col medium-flex-wrap\" >\n              <div class=\"title-wrapper uppercase is-small flex-col\">\n          <h1 class=\"entry-title mb-0\">\n            Terra          <\/h1>\n        <\/div>\n                    <div class=\"title-content flex-col\">\n        <div class=\"title-breadcrumbs pb-half pt-half\"><\/div>      <\/div>\n    <\/div><!-- flex-row -->\n\n     \n<style scope=\"scope\">\n\n<\/style>\n  <\/div><!-- .page-title -->\n    <\/div><!-- .page-header-wrapper -->\n  \n<\/div><\/div>\n<\/div>\n\t\t<\/div><!-- .section-content -->\n\n\t\t\n<style scope=\"scope\">\n\n#section_1438548346 {\n  padding-top: 30px;\n  padding-bottom: 30px;\n  min-height: 300px;\n  background-color: rgb(0,0,0);\n}\n#section_1438548346 .section-bg-overlay {\n  background-color: rgba(0, 0, 0, 0.13);\n}\n#section_1438548346 .section-bg.bg-loaded {\n  background-image: url(https:\/\/zoobrasov.ro\/planetariu\/wp-content\/uploads\/2021\/10\/greg-rakozy-oMpAz-DN-9I-unsplash.jpg);\n}\n#section_1438548346 .section-bg {\n  background-position: 45% 94%;\n}\n\n\n@media (min-width:550px) {\n\n  #section_1438548346 {\n    min-height: 400px;\n  }\n\n}\n\n\n@media (min-width:850px) {\n\n  #section_1438548346 {\n    min-height: 550px;\n  }\n\n}\n<\/style>\n\t<\/section>\n\t\n\t<section class=\"section dark\" id=\"section_595462725\">\n\t\t<div class=\"bg section-bg fill bg-fill  bg-loaded\" >\n\n\t\t\t\n\t\t\t\n\t\t\t\n\n\t\t<\/div><!-- .section-bg -->\n\n\t\t<div class=\"section-content relative\">\n\t\t\t\n<div class=\"row align-center\"  id=\"row-13520568\">\n<div class=\"col medium-10 small-11 large-9\"  ><div class=\"col-inner text-center\"  >\n<div class=\"row row-collapse\"  id=\"row-482693741\">\n<div class=\"col small-6 large-12\"  ><div class=\"col-inner text-center\"  >\n<a href=\"https:\/\/zoobrasov.ro\/planetariu\/blog\/\" target=\"_self\" class=\"button primary is-link is-small\"  >\n    <span>blog<\/span>\n  <\/a>\n\n<a href=\"https:\/\/zoobrasov.ro\/planetariu\/blog\/galaxii\/\" target=\"_self\" class=\"button primary is-link is-small\"  >\n  <i class=\"icon-play\" ><\/i>  <span>Galaxii<\/span>\n  <\/a>\n\n<a href=\"https:\/\/zoobrasov.ro\/planetariu\/blog\/exoplanete\/\" target=\"_self\" class=\"button primary is-link is-small\"  >\n  <i class=\"icon-plus\" ><\/i>  <span>Exoplanete<\/span>\n  <\/a>\n\n<a href=\"https:\/\/zoobrasov.ro\/planetariu\/blog\/sistemul-solar\/\" target=\"_self\" class=\"button primary is-link is-small\"  >\n  <i class=\"icon-map-pin-fill\" ><\/i>  <span>Sistemul Solar<\/span>\n  <\/a>\n\n<\/div><\/div>\n\n<style scope=\"scope\">\n\n<\/style>\n<\/div>\n<div class=\"searchform-wrapper ux-search-box relative form-flat is-small\"><form method=\"get\" class=\"searchform\" action=\"https:\/\/zoobrasov.ro\/planetariu\/\" role=\"search\">\n\t\t<div class=\"flex-row relative\">\n\t\t\t<div class=\"flex-col flex-grow\">\n\t   \t   <input type=\"search\" class=\"search-field mb-0\" name=\"s\" value=\"\" id=\"s\" placeholder=\"Search&hellip;\" \/>\n\t\t\t<\/div><!-- .flex-col -->\n\t\t\t<div class=\"flex-col\">\n\t\t\t\t<button type=\"submit\" class=\"ux-search-submit submit-button secondary button icon mb-0\" aria-label=\"Submit\">\n\t\t\t\t\t<i class=\"icon-search\" ><\/i>\t\t\t\t<\/button>\n\t\t\t<\/div><!-- .flex-col -->\n\t\t<\/div><!-- .flex-row -->\n    <div class=\"live-search-results text-left z-top\"><\/div>\n<\/form>\n<\/div>\n<\/div><\/div>\n\n<style scope=\"scope\">\n\n<\/style>\n<\/div>\n\t<div id=\"gap-2076215674\" class=\"gap-element clearfix\" style=\"display:block; height:auto;\">\n\t\t\n<style scope=\"scope\">\n\n#gap-2076215674 {\n  padding-top: 40px;\n}\n<\/style>\n\t<\/div>\n\t\n<div class=\"row\"  id=\"row-1637171572\">\n<div class=\"col small-12 large-12\"  ><div class=\"col-inner\"  >\n<div class=\"row\"  id=\"row-1205114020\">\n<div class=\"col medium-4 small-12 large-4\"  ><div class=\"col-inner\"  >\n\n  \n    <div id=\"row-864185282\" class=\"slider slider-auto-height row-collapse slider-nav-reveal\" data-flickity-options='{\"imagesLoaded\": true, \"dragThreshold\" : 5, \"cellAlign\": \"left\",\"wrapAround\": true,\"prevNextButtons\": true,\"percentPosition\": true,\"pageDots\": false, \"rightToLeft\": false, \"autoPlay\" : false}'>\n\n  \t\t<div class=\"col post-item\" >\n\t\t\t<div class=\"col-inner\">\n\t\t\t<a href=\"https:\/\/zoobrasov.ro\/planetariu\/interviu-catalina-curceanu\/\" class=\"plain\">\n\t\t\t\t<div class=\"box box-normal box-text-bottom box-blog-post has-hover\">\n            \t\t\t\t\t<div class=\"box-image\" >\n  \t\t\t\t\t\t<div class=\"image-cover\" style=\"padding-top:75%;\">\n  \t\t\t\t\t\t\t<img loading=\"lazy\" decoding=\"async\" width=\"300\" height=\"194\" src=\"https:\/\/zoobrasov.ro\/planetariu\/wp-content\/uploads\/2022\/03\/catalina-curceanu-300x194.jpg\" class=\"attachment-medium size-medium wp-post-image\" alt=\"\" srcset=\"https:\/\/zoobrasov.ro\/planetariu\/wp-content\/uploads\/2022\/03\/catalina-curceanu-300x194.jpg 300w, https:\/\/zoobrasov.ro\/planetariu\/wp-content\/uploads\/2022\/03\/catalina-curceanu-1024x661.jpg 1024w, https:\/\/zoobrasov.ro\/planetariu\/wp-content\/uploads\/2022\/03\/catalina-curceanu-768x496.jpg 768w, https:\/\/zoobrasov.ro\/planetariu\/wp-content\/uploads\/2022\/03\/catalina-curceanu-1536x991.jpg 1536w, https:\/\/zoobrasov.ro\/planetariu\/wp-content\/uploads\/2022\/03\/catalina-curceanu.jpg 1920w\" sizes=\"auto, (max-width: 300px) 100vw, 300px\" \/>  \t\t\t\t\t\t\t  \t\t\t\t\t\t\t  \t\t\t\t\t\t<\/div>\n  \t\t\t\t\t\t  \t\t\t\t\t<\/div><!-- .box-image -->\n          \t\t\t\t\t<div class=\"box-text text-center\" >\n\t\t\t\t\t<div class=\"box-text-inner blog-post-inner\">\n\n\t\t\t\t\t\n\t\t\t\t\t\t\t\t\t\t<h5 class=\"post-title is-large \">Curceanu, despre fizic\u0103 \u0219i astronomie, un interviu dedicat tinerilor pasiona\u021bi de \u0219tiin\u021b\u0103<\/h5>\n\t\t\t\t\t\t\t\t\t\t<div class=\"is-divider\"><\/div>\n\t\t\t\t\t\t\t\t\t\t<p class=\"from_the_blog_excerpt \">C\u0103t\u0103lina Curceanu se \u201ejoac\u0103\u201d cu \u201enev\u0103zutul\u201d. \u00cel m\u0103soar\u0103, \u00eel pune s\u0103 interac\u021bioneze, \u00eel descoper\u0103. Un [...]\t\t\t\t\t<\/p>\n\t\t\t\t\t                    \n\t\t\t\t\t\n\t\t\t\t\t\n\t\t\t\t\t<\/div><!-- .box-text-inner -->\n\t\t\t\t\t<\/div><!-- .box-text -->\n\t\t\t\t\t\t\t\t\t\t\t\t\t\t\t\t<div class=\"badge absolute top post-date badge-circle-inside\">\n\t\t\t\t\t\t\t<div class=\"badge-inner\">\n\t\t\t\t\t\t\t\t<span class=\"post-date-day\">09<\/span><br>\n\t\t\t\t\t\t\t\t<span class=\"post-date-month is-xsmall\">mart.<\/span>\n\t\t\t\t\t\t\t<\/div>\n\t\t\t\t\t\t<\/div>\n\t\t\t\t\t\t\t\t\t<\/div><!-- .box -->\n\t\t\t\t<\/a><!-- .link -->\n\t\t\t<\/div><!-- .col-inner -->\n\t\t<\/div><!-- .col -->\n<\/div>\n<\/div><\/div>\n<div class=\"col medium-4 small-12 large-4\"  ><div class=\"col-inner\"  >\n\n  \n    <div id=\"row-208296845\" class=\"slider slider-auto-height row-collapse slider-nav-reveal\" data-flickity-options='{\"imagesLoaded\": true, \"dragThreshold\" : 5, \"cellAlign\": \"left\",\"wrapAround\": true,\"prevNextButtons\": true,\"percentPosition\": true,\"pageDots\": false, \"rightToLeft\": false, \"autoPlay\" : false}'>\n\n  \t\t<div class=\"col post-item\" >\n\t\t\t<div class=\"col-inner\">\n\t\t\t<a href=\"https:\/\/zoobrasov.ro\/planetariu\/ciclurile-milankovitch-orbitale-si-rolul-lor-in-clima-pamantului\/\" class=\"plain\">\n\t\t\t\t<div class=\"box box-normal box-text-bottom box-blog-post has-hover\">\n            \t\t\t\t\t<div class=\"box-image\" >\n  \t\t\t\t\t\t<div class=\"image-cover\" style=\"padding-top:75%;\">\n  \t\t\t\t\t\t\t<img loading=\"lazy\" decoding=\"async\" width=\"300\" height=\"150\" src=\"https:\/\/zoobrasov.ro\/planetariu\/wp-content\/uploads\/2021\/11\/706644main_705852main_GEOS5_full_full-1-300x150.jpeg\" class=\"attachment-medium size-medium wp-post-image\" alt=\"\" srcset=\"https:\/\/zoobrasov.ro\/planetariu\/wp-content\/uploads\/2021\/11\/706644main_705852main_GEOS5_full_full-1-300x150.jpeg 300w, https:\/\/zoobrasov.ro\/planetariu\/wp-content\/uploads\/2021\/11\/706644main_705852main_GEOS5_full_full-1-1024x512.jpeg 1024w, https:\/\/zoobrasov.ro\/planetariu\/wp-content\/uploads\/2021\/11\/706644main_705852main_GEOS5_full_full-1-768x384.jpeg 768w, https:\/\/zoobrasov.ro\/planetariu\/wp-content\/uploads\/2021\/11\/706644main_705852main_GEOS5_full_full-1-1536x768.jpeg 1536w, https:\/\/zoobrasov.ro\/planetariu\/wp-content\/uploads\/2021\/11\/706644main_705852main_GEOS5_full_full-1-2048x1024.jpeg 2048w\" sizes=\"auto, (max-width: 300px) 100vw, 300px\" \/>  \t\t\t\t\t\t\t  \t\t\t\t\t\t\t  \t\t\t\t\t\t<\/div>\n  \t\t\t\t\t\t  \t\t\t\t\t<\/div><!-- .box-image -->\n          \t\t\t\t\t<div class=\"box-text text-center\" >\n\t\t\t\t\t<div class=\"box-text-inner blog-post-inner\">\n\n\t\t\t\t\t\n\t\t\t\t\t\t\t\t\t\t<h5 class=\"post-title is-large \">Ciclurile lui Milutin Milankovi\u0107 (orbitale) \u0219i cum influen\u021beaz\u0103 ele clima P\u0103m\u00e2ntului<\/h5>\n\t\t\t\t\t\t\t\t\t\t<div class=\"is-divider\"><\/div>\n\t\t\t\t\t\t\t\t\t\t<p class=\"from_the_blog_excerpt \">Via\u021ba noastr\u0103 se \u00eenv\u00e2rte literalmente \u00een jurul ciclurilor, sunt sute, mii de serii de evenimente care se repet\u0103 \u00een mod regulat [...]\t\t\t\t\t<\/p>\n\t\t\t\t\t                    \n\t\t\t\t\t\n\t\t\t\t\t\n\t\t\t\t\t<\/div><!-- .box-text-inner -->\n\t\t\t\t\t<\/div><!-- .box-text -->\n\t\t\t\t\t\t\t\t\t\t\t\t\t\t\t\t<div class=\"badge absolute top post-date badge-circle-inside\">\n\t\t\t\t\t\t\t<div class=\"badge-inner\">\n\t\t\t\t\t\t\t\t<span class=\"post-date-day\">09<\/span><br>\n\t\t\t\t\t\t\t\t<span class=\"post-date-month is-xsmall\">dec.<\/span>\n\t\t\t\t\t\t\t<\/div>\n\t\t\t\t\t\t<\/div>\n\t\t\t\t\t\t\t\t\t<\/div><!-- .box -->\n\t\t\t\t<\/a><!-- .link -->\n\t\t\t<\/div><!-- .col-inner -->\n\t\t<\/div><!-- .col -->\n<\/div>\n<\/div><\/div>\n<div class=\"col medium-4 small-12 large-4\"  ><div class=\"col-inner\"  >\n\n  \n    <div id=\"row-363656504\" class=\"slider slider-auto-height row-collapse slider-nav-reveal\" data-flickity-options='{\"imagesLoaded\": true, \"dragThreshold\" : 5, \"cellAlign\": \"left\",\"wrapAround\": true,\"prevNextButtons\": true,\"percentPosition\": true,\"pageDots\": false, \"rightToLeft\": false, \"autoPlay\" : false}'>\n\n  \t\t<div class=\"col post-item\" >\n\t\t\t<div class=\"col-inner\">\n\t\t\t<a href=\"https:\/\/zoobrasov.ro\/planetariu\/unde-gasim-cel-mai-scump-material-de-pe-terra\/\" class=\"plain\">\n\t\t\t\t<div class=\"box box-normal box-text-bottom box-blog-post has-hover\">\n            \t\t\t\t\t<div class=\"box-image\" >\n  \t\t\t\t\t\t<div class=\"image-cover\" style=\"padding-top:75%;\">\n  \t\t\t\t\t\t\t<img loading=\"lazy\" decoding=\"async\" width=\"300\" height=\"200\" src=\"https:\/\/zoobrasov.ro\/planetariu\/wp-content\/uploads\/2021\/11\/antimaterie-300x200.jpg\" class=\"attachment-medium size-medium wp-post-image\" alt=\"\" srcset=\"https:\/\/zoobrasov.ro\/planetariu\/wp-content\/uploads\/2021\/11\/antimaterie-300x200.jpg 300w, https:\/\/zoobrasov.ro\/planetariu\/wp-content\/uploads\/2021\/11\/antimaterie-768x512.jpg 768w, https:\/\/zoobrasov.ro\/planetariu\/wp-content\/uploads\/2021\/11\/antimaterie.jpg 1000w\" sizes=\"auto, (max-width: 300px) 100vw, 300px\" \/>  \t\t\t\t\t\t\t  \t\t\t\t\t\t\t  \t\t\t\t\t\t<\/div>\n  \t\t\t\t\t\t  \t\t\t\t\t<\/div><!-- .box-image -->\n          \t\t\t\t\t<div class=\"box-text text-center\" >\n\t\t\t\t\t<div class=\"box-text-inner blog-post-inner\">\n\n\t\t\t\t\t\n\t\t\t\t\t\t\t\t\t\t<h5 class=\"post-title is-large \">Un gram de antihidrogen ar costa 62,5 triliarde de dolari! Ce e antimateria \u0219i unde se produce<\/h5>\n\t\t\t\t\t\t\t\t\t\t<div class=\"is-divider\"><\/div>\n\t\t\t\t\t\t\t\t\t\t<p class=\"from_the_blog_excerpt \">Cel mai scump material de pe Terra nu este un anume minereu sau de un tip rar de roc\u0103, ci antimateria. Un material [...]\t\t\t\t\t<\/p>\n\t\t\t\t\t                    \n\t\t\t\t\t\n\t\t\t\t\t\n\t\t\t\t\t<\/div><!-- .box-text-inner -->\n\t\t\t\t\t<\/div><!-- .box-text -->\n\t\t\t\t\t\t\t\t\t\t\t\t\t\t\t\t<div class=\"badge absolute top post-date badge-circle-inside\">\n\t\t\t\t\t\t\t<div class=\"badge-inner\">\n\t\t\t\t\t\t\t\t<span class=\"post-date-day\">07<\/span><br>\n\t\t\t\t\t\t\t\t<span class=\"post-date-month is-xsmall\">dec.<\/span>\n\t\t\t\t\t\t\t<\/div>\n\t\t\t\t\t\t<\/div>\n\t\t\t\t\t\t\t\t\t<\/div><!-- .box -->\n\t\t\t\t<\/a><!-- .link -->\n\t\t\t<\/div><!-- .col-inner -->\n\t\t<\/div><!-- .col -->\n<\/div>\n<\/div><\/div>\n<\/div>\n<\/div><\/div>\n<div class=\"col small-12 large-12\"  ><div class=\"col-inner text-right\" style=\"margin:-20px 0px 0px 0px;\" >\n<a href=\"https:\/\/zoobrasov.ro\/planetariu\/category\/terra\/\" target=\"_self\" class=\"button alert is-underline is-small box-shadow-3 box-shadow-5-hover\"  style=\"border-radius:5px;\">\n    <span>Vezi toate articolele despre Terra<\/span>\n  <\/a>\n\n<\/div><\/div>\n<\/div>\n\t\t<\/div><!-- .section-content -->\n\n\t\t\n<style scope=\"scope\">\n\n#section_595462725 {\n  padding-top: 0px;\n  padding-bottom: 0px;\n  min-height: 300px;\n  background-color: rgb(0,0,0);\n}\n\n\n@media (min-width:550px) {\n\n  #section_595462725 {\n    min-height: 400px;\n  }\n\n}\n<\/style>\n\t<\/section>\n\t\n","protected":false},"excerpt":{"rendered":"","protected":false},"author":2,"featured_media":0,"parent":402,"menu_order":0,"comment_status":"closed","ping_status":"closed","template":"","meta":{"_monsterinsights_skip_tracking":false,"_monsterinsights_sitenote_active":false,"_monsterinsights_sitenote_note":"","_monsterinsights_sitenote_category":0,"footnotes":""},"class_list":["post-611","page","type-page","status-publish","hentry"],"aioseo_notices":[],"_links":{"self":[{"href":"https:\/\/zoobrasov.ro\/planetariu\/wp-json\/wp\/v2\/pages\/611","targetHints":{"allow":["GET"]}}],"collection":[{"href":"https:\/\/zoobrasov.ro\/planetariu\/wp-json\/wp\/v2\/pages"}],"about":[{"href":"https:\/\/zoobrasov.ro\/planetariu\/wp-json\/wp\/v2\/types\/page"}],"author":[{"embeddable":true,"href":"https:\/\/zoobrasov.ro\/planetariu\/wp-json\/wp\/v2\/users\/2"}],"replies":[{"embeddable":true,"href":"https:\/\/zoobrasov.ro\/planetariu\/wp-json\/wp\/v2\/comments?post=611"}],"version-history":[{"count":14,"href":"https:\/\/zoobrasov.ro\/planetariu\/wp-json\/wp\/v2\/pages\/611\/revisions"}],"predecessor-version":[{"id":1406,"href":"https:\/\/zoobrasov.ro\/planetariu\/wp-json\/wp\/v2\/pages\/611\/revisions\/1406"}],"up":[{"embeddable":true,"href":"https:\/\/zoobrasov.ro\/planetariu\/wp-json\/wp\/v2\/pages\/402"}],"wp:attachment":[{"href":"https:\/\/zoobrasov.ro\/planetariu\/wp-json\/wp\/v2\/media?parent=611"}],"curies":[{"name":"wp","href":"https:\/\/api.w.org\/{rel}","templated":true}]}}